{"id":922,"date":"2025-12-20T09:36:03","date_gmt":"2025-12-20T08:36:03","guid":{"rendered":"https:\/\/egiarecords.com\/?post_type=product&#038;p=922"},"modified":"2026-02-05T13:13:24","modified_gmt":"2026-02-05T12:13:24","slug":"karenn-everything-is-curly","status":"publish","type":"product","link":"https:\/\/egiarecords.com\/eu\/denda\/karenn-everything-is-curly\/","title":{"rendered":"Karenn &#8211; Everything Is Curly"},"content":{"rendered":"<p>Techno crudo y experimental del d\u00fao formado por Blawan y Pariah. Ritmos wonky y stomping con un toque acid.<\/p>\n<p>Grabado en directo con hardware anal\u00f3gico para capturar esa energ\u00eda cruda y sin filtrar que define sus legendarios directos<\/p>\n","protected":false},"excerpt":{"rendered":"<p>Techno crudo y experimental del d\u00fao formado por Blawan y Pariah. Ritmos wonky y stomping con un toque acid. Grabado en directo con hardware anal\u00f3gico para capturar esa energ\u00eda cruda y sin filtrar que define sus legendarios directos<\/p>\n","protected":false},"featured_media":924,"template":"","meta":[],"product_brand":[],"product_cat":[1311,689],"product_tag":[],"sello":[78],"artista":[480],"class_list":{"0":"post-922","1":"product","2":"type-product","3":"status-publish","4":"has-post-thumbnail","6":"product_cat-mothertongue","7":"product_cat-vinilos","8":"sello-voam","9":"artista-karenn","10":"fecha-306","11":"estilo-techno","13":"first","14":"instock","15":"taxable","16":"shipping-taxable","17":"purchasable","18":"product-type-simple"},"_links":{"self":[{"href":"https:\/\/egiarecords.com\/eu\/wp-json\/wp\/v2\/product\/922","targetHints":{"allow":["GET"]}}],"collection":[{"href":"https:\/\/egiarecords.com\/eu\/wp-json\/wp\/v2\/product"}],"about":[{"href":"https:\/\/egiarecords.com\/eu\/wp-json\/wp\/v2\/types\/product"}],"wp:featuredmedia":[{"embeddable":true,"href":"https:\/\/egiarecords.com\/eu\/wp-json\/wp\/v2\/media\/924"}],"wp:attachment":[{"href":"https:\/\/egiarecords.com\/eu\/wp-json\/wp\/v2\/media?parent=922"}],"wp:term":[{"taxonomy":"product_brand","embeddable":true,"href":"https:\/\/egiarecords.com\/eu\/wp-json\/wp\/v2\/product_brand?post=922"},{"taxonomy":"product_cat","embeddable":true,"href":"https:\/\/egiarecords.com\/eu\/wp-json\/wp\/v2\/product_cat?post=922"},{"taxonomy":"product_tag","embeddable":true,"href":"https:\/\/egiarecords.com\/eu\/wp-json\/wp\/v2\/product_tag?post=922"},{"taxonomy":"sello","embeddable":true,"href":"https:\/\/egiarecords.com\/eu\/wp-json\/wp\/v2\/sello?post=922"},{"taxonomy":"artista","embeddable":true,"href":"https:\/\/egiarecords.com\/eu\/wp-json\/wp\/v2\/artista?post=922"}],"curies":[{"name":"wp","href":"https:\/\/api.w.org\/{rel}","templated":true}]}}