{"id":880,"date":"2025-12-20T00:33:48","date_gmt":"2025-12-19T23:33:48","guid":{"rendered":"https:\/\/egiarecords.com\/?post_type=product&#038;p=880"},"modified":"2026-01-26T13:57:55","modified_gmt":"2026-01-26T12:57:55","slug":"india-jordan-watch-out","status":"publish","type":"product","link":"https:\/\/egiarecords.com\/eu\/denda\/india-jordan-watch-out\/","title":{"rendered":"India Jordan &#8211; Watch Out!"},"content":{"rendered":"<p>EP de House\/Techno que incluye los hits &#8220;Watch Out!&#8221; y &#8220;Only Said Enough&#8221;. Energ\u00eda rave y melod\u00edas euf\u00f3ricas.<\/p>\n","protected":false},"excerpt":{"rendered":"<p>EP de House\/Techno que incluye los hits &#8220;Watch Out!&#8221; y &#8220;Only Said Enough&#8221;. Energ\u00eda rave y melod\u00edas euf\u00f3ricas.<\/p>\n","protected":false},"featured_media":882,"template":"","meta":[],"product_brand":[],"product_cat":[689],"product_tag":[],"sello":[38],"artista":[464],"class_list":{"0":"post-880","1":"product","2":"type-product","3":"status-publish","4":"has-post-thumbnail","6":"product_cat-vinilos","7":"sello-ninja-tune","8":"artista-india-jordan","9":"fecha-312","10":"estilo-garage-house","11":"estilo-hardcore","12":"estilo-house","13":"estilo-uk-garage","15":"first","16":"instock","17":"taxable","18":"shipping-taxable","19":"purchasable","20":"product-type-simple"},"_links":{"self":[{"href":"https:\/\/egiarecords.com\/eu\/wp-json\/wp\/v2\/product\/880","targetHints":{"allow":["GET"]}}],"collection":[{"href":"https:\/\/egiarecords.com\/eu\/wp-json\/wp\/v2\/product"}],"about":[{"href":"https:\/\/egiarecords.com\/eu\/wp-json\/wp\/v2\/types\/product"}],"wp:featuredmedia":[{"embeddable":true,"href":"https:\/\/egiarecords.com\/eu\/wp-json\/wp\/v2\/media\/882"}],"wp:attachment":[{"href":"https:\/\/egiarecords.com\/eu\/wp-json\/wp\/v2\/media?parent=880"}],"wp:term":[{"taxonomy":"product_brand","embeddable":true,"href":"https:\/\/egiarecords.com\/eu\/wp-json\/wp\/v2\/product_brand?post=880"},{"taxonomy":"product_cat","embeddable":true,"href":"https:\/\/egiarecords.com\/eu\/wp-json\/wp\/v2\/product_cat?post=880"},{"taxonomy":"product_tag","embeddable":true,"href":"https:\/\/egiarecords.com\/eu\/wp-json\/wp\/v2\/product_tag?post=880"},{"taxonomy":"sello","embeddable":true,"href":"https:\/\/egiarecords.com\/eu\/wp-json\/wp\/v2\/sello?post=880"},{"taxonomy":"artista","embeddable":true,"href":"https:\/\/egiarecords.com\/eu\/wp-json\/wp\/v2\/artista?post=880"}],"curies":[{"name":"wp","href":"https:\/\/api.w.org\/{rel}","templated":true}]}}