{"id":862,"date":"2025-12-20T00:29:54","date_gmt":"2025-12-19T23:29:54","guid":{"rendered":"https:\/\/egiarecords.com\/?post_type=product&#038;p=862"},"modified":"2026-03-14T18:50:59","modified_gmt":"2026-03-14T17:50:59","slug":"ge-ology-circuitry","status":"publish","type":"product","link":"https:\/\/egiarecords.com\/eu\/denda\/ge-ology-circuitry\/","title":{"rendered":"GE-OLOGY &#8211; Circuitry"},"content":{"rendered":"<p>Es un ejercicio de &#8216;deep house&#8217; arquitect\u00f3nico, donde cada sintetizador y cada golpe de percusi\u00f3n est\u00e1n colocados con la precisi\u00f3n de un relojero de lujo<\/p>\n","protected":false},"excerpt":{"rendered":"<p>Es un ejercicio de &#8216;deep house&#8217; arquitect\u00f3nico, donde cada sintetizador y cada golpe de percusi\u00f3n est\u00e1n colocados con la precisi\u00f3n de un relojero de lujo<\/p>\n","protected":false},"featured_media":864,"template":"","meta":[],"product_brand":[],"product_cat":[689],"product_tag":[],"sello":[68],"artista":[452],"class_list":{"0":"post-862","1":"product","2":"type-product","3":"status-publish","4":"has-post-thumbnail","6":"product_cat-vinilos","7":"sello-love-universal","8":"artista-ge-ology","9":"fecha-305","10":"estilo-broken-beat","11":"estilo-deep-house","12":"estilo-future-jazz","14":"first","15":"instock","16":"taxable","17":"shipping-taxable","18":"purchasable","19":"product-type-simple"},"_links":{"self":[{"href":"https:\/\/egiarecords.com\/eu\/wp-json\/wp\/v2\/product\/862","targetHints":{"allow":["GET"]}}],"collection":[{"href":"https:\/\/egiarecords.com\/eu\/wp-json\/wp\/v2\/product"}],"about":[{"href":"https:\/\/egiarecords.com\/eu\/wp-json\/wp\/v2\/types\/product"}],"wp:featuredmedia":[{"embeddable":true,"href":"https:\/\/egiarecords.com\/eu\/wp-json\/wp\/v2\/media\/864"}],"wp:attachment":[{"href":"https:\/\/egiarecords.com\/eu\/wp-json\/wp\/v2\/media?parent=862"}],"wp:term":[{"taxonomy":"product_brand","embeddable":true,"href":"https:\/\/egiarecords.com\/eu\/wp-json\/wp\/v2\/product_brand?post=862"},{"taxonomy":"product_cat","embeddable":true,"href":"https:\/\/egiarecords.com\/eu\/wp-json\/wp\/v2\/product_cat?post=862"},{"taxonomy":"product_tag","embeddable":true,"href":"https:\/\/egiarecords.com\/eu\/wp-json\/wp\/v2\/product_tag?post=862"},{"taxonomy":"sello","embeddable":true,"href":"https:\/\/egiarecords.com\/eu\/wp-json\/wp\/v2\/sello?post=862"},{"taxonomy":"artista","embeddable":true,"href":"https:\/\/egiarecords.com\/eu\/wp-json\/wp\/v2\/artista?post=862"}],"curies":[{"name":"wp","href":"https:\/\/api.w.org\/{rel}","templated":true}]}}