{"id":858,"date":"2025-12-20T00:29:23","date_gmt":"2025-12-19T23:29:23","guid":{"rendered":"https:\/\/egiarecords.com\/?post_type=product&#038;p=858"},"modified":"2026-02-05T13:06:39","modified_gmt":"2026-02-05T12:06:39","slug":"fred-p-states-of-bliss-pt-one","status":"publish","type":"product","link":"https:\/\/egiarecords.com\/eu\/denda\/fred-p-states-of-bliss-pt-one\/","title":{"rendered":"Fred P. &#8211; States Of Bliss Pt. One"},"content":{"rendered":"<p>M\u00fasica dise\u00f1ada para la escucha atenta; un trabajo de orfebrer\u00eda ambiental donde cada bombo y cada sintetizador est\u00e1n impregnados de una calidez anal\u00f3gica casi t\u00e1ctil.<\/p>\n","protected":false},"excerpt":{"rendered":"<p>M\u00fasica dise\u00f1ada para la escucha atenta; un trabajo de orfebrer\u00eda ambiental donde cada bombo y cada sintetizador est\u00e1n impregnados de una calidez anal\u00f3gica casi t\u00e1ctil.<\/p>\n","protected":false},"featured_media":860,"template":"","meta":[],"product_brand":[],"product_cat":[1311,689],"product_tag":[],"sello":[451],"artista":[450],"class_list":{"0":"post-858","1":"product","2":"type-product","3":"status-publish","4":"has-post-thumbnail","6":"product_cat-mothertongue","7":"product_cat-vinilos","8":"sello-private-society","9":"artista-fred-p","10":"fecha-317","11":"estilo-ambient","12":"estilo-broken-beat","13":"estilo-deep-house","14":"estilo-house","16":"first","17":"instock","18":"taxable","19":"shipping-taxable","20":"purchasable","21":"product-type-simple"},"_links":{"self":[{"href":"https:\/\/egiarecords.com\/eu\/wp-json\/wp\/v2\/product\/858","targetHints":{"allow":["GET"]}}],"collection":[{"href":"https:\/\/egiarecords.com\/eu\/wp-json\/wp\/v2\/product"}],"about":[{"href":"https:\/\/egiarecords.com\/eu\/wp-json\/wp\/v2\/types\/product"}],"wp:featuredmedia":[{"embeddable":true,"href":"https:\/\/egiarecords.com\/eu\/wp-json\/wp\/v2\/media\/860"}],"wp:attachment":[{"href":"https:\/\/egiarecords.com\/eu\/wp-json\/wp\/v2\/media?parent=858"}],"wp:term":[{"taxonomy":"product_brand","embeddable":true,"href":"https:\/\/egiarecords.com\/eu\/wp-json\/wp\/v2\/product_brand?post=858"},{"taxonomy":"product_cat","embeddable":true,"href":"https:\/\/egiarecords.com\/eu\/wp-json\/wp\/v2\/product_cat?post=858"},{"taxonomy":"product_tag","embeddable":true,"href":"https:\/\/egiarecords.com\/eu\/wp-json\/wp\/v2\/product_tag?post=858"},{"taxonomy":"sello","embeddable":true,"href":"https:\/\/egiarecords.com\/eu\/wp-json\/wp\/v2\/sello?post=858"},{"taxonomy":"artista","embeddable":true,"href":"https:\/\/egiarecords.com\/eu\/wp-json\/wp\/v2\/artista?post=858"}],"curies":[{"name":"wp","href":"https:\/\/api.w.org\/{rel}","templated":true}]}}