{"id":833,"date":"2025-12-20T00:23:59","date_gmt":"2025-12-19T23:23:59","guid":{"rendered":"https:\/\/egiarecords.com\/?post_type=product&#038;p=833"},"modified":"2026-02-24T16:19:22","modified_gmt":"2026-02-24T15:19:22","slug":"fka-twigs-lp1","status":"publish","type":"product","link":"https:\/\/egiarecords.com\/eu\/denda\/fka-twigs-lp1\/","title":{"rendered":"FKA Twigs &#8211; LP1"},"content":{"rendered":"<p>\u00c1lbum debut (2014) de FKA Twigs. R&amp;B experimental, trip-hop y electr\u00f3nica con una producci\u00f3n vanguardista y oscura.<\/p>\n","protected":false},"excerpt":{"rendered":"<p>\u00c1lbum debut (2014) de FKA Twigs. R&amp;B experimental, trip-hop y electr\u00f3nica con una producci\u00f3n vanguardista y oscura.<\/p>\n","protected":false},"featured_media":834,"template":"","meta":[],"product_brand":[],"product_cat":[689],"product_tag":[],"sello":[63],"artista":[436],"class_list":{"0":"post-833","1":"product","2":"type-product","3":"status-publish","4":"has-post-thumbnail","6":"product_cat-vinilos","7":"sello-young-turks","8":"artista-fka-twigs","9":"fecha-312","10":"estilo-contemporary-rb","11":"estilo-downtempo","12":"estilo-dream-pop","13":"estilo-ethereal","14":"estilo-glitch-hop","16":"first","17":"onbackorder","18":"taxable","19":"shipping-taxable","20":"purchasable","21":"product-type-simple"},"_links":{"self":[{"href":"https:\/\/egiarecords.com\/eu\/wp-json\/wp\/v2\/product\/833","targetHints":{"allow":["GET"]}}],"collection":[{"href":"https:\/\/egiarecords.com\/eu\/wp-json\/wp\/v2\/product"}],"about":[{"href":"https:\/\/egiarecords.com\/eu\/wp-json\/wp\/v2\/types\/product"}],"wp:featuredmedia":[{"embeddable":true,"href":"https:\/\/egiarecords.com\/eu\/wp-json\/wp\/v2\/media\/834"}],"wp:attachment":[{"href":"https:\/\/egiarecords.com\/eu\/wp-json\/wp\/v2\/media?parent=833"}],"wp:term":[{"taxonomy":"product_brand","embeddable":true,"href":"https:\/\/egiarecords.com\/eu\/wp-json\/wp\/v2\/product_brand?post=833"},{"taxonomy":"product_cat","embeddable":true,"href":"https:\/\/egiarecords.com\/eu\/wp-json\/wp\/v2\/product_cat?post=833"},{"taxonomy":"product_tag","embeddable":true,"href":"https:\/\/egiarecords.com\/eu\/wp-json\/wp\/v2\/product_tag?post=833"},{"taxonomy":"sello","embeddable":true,"href":"https:\/\/egiarecords.com\/eu\/wp-json\/wp\/v2\/sello?post=833"},{"taxonomy":"artista","embeddable":true,"href":"https:\/\/egiarecords.com\/eu\/wp-json\/wp\/v2\/artista?post=833"}],"curies":[{"name":"wp","href":"https:\/\/api.w.org\/{rel}","templated":true}]}}