{"id":830,"date":"2025-12-20T00:23:26","date_gmt":"2025-12-19T23:23:26","guid":{"rendered":"https:\/\/egiarecords.com\/?post_type=product&#038;p=830"},"modified":"2026-02-24T16:19:04","modified_gmt":"2026-02-24T15:19:04","slug":"fito-fitipaldis-por-la-boca-vive-el-pez","status":"publish","type":"product","link":"https:\/\/egiarecords.com\/eu\/denda\/fito-fitipaldis-por-la-boca-vive-el-pez\/","title":{"rendered":"Fito &#038; Fitipaldis &#8211; Por La Boca Vive El Pez"},"content":{"rendered":"<p>\u00c1lbum que contiene varios de los mayores \u00e9xitos de Fito &amp; Fitipaldis. Rock &amp; roll espa\u00f1ol con letras directas y honestas.<\/p>\n","protected":false},"excerpt":{"rendered":"<p>\u00c1lbum que contiene varios de los mayores \u00e9xitos de Fito &amp; Fitipaldis. Rock &amp; roll espa\u00f1ol con letras directas y honestas.<\/p>\n","protected":false},"featured_media":832,"template":"","meta":[],"product_brand":[],"product_cat":[689],"product_tag":[],"sello":[62],"artista":[433],"class_list":{"0":"post-830","1":"product","2":"type-product","3":"status-publish","4":"has-post-thumbnail","6":"product_cat-vinilos","7":"sello-dro","8":"artista-fito-fitipaldis","9":"fecha-305","10":"estilo-pop-rock","11":"estilo-rock-roll","13":"first","14":"onbackorder","15":"taxable","16":"shipping-taxable","17":"purchasable","18":"product-type-simple"},"_links":{"self":[{"href":"https:\/\/egiarecords.com\/eu\/wp-json\/wp\/v2\/product\/830","targetHints":{"allow":["GET"]}}],"collection":[{"href":"https:\/\/egiarecords.com\/eu\/wp-json\/wp\/v2\/product"}],"about":[{"href":"https:\/\/egiarecords.com\/eu\/wp-json\/wp\/v2\/types\/product"}],"wp:featuredmedia":[{"embeddable":true,"href":"https:\/\/egiarecords.com\/eu\/wp-json\/wp\/v2\/media\/832"}],"wp:attachment":[{"href":"https:\/\/egiarecords.com\/eu\/wp-json\/wp\/v2\/media?parent=830"}],"wp:term":[{"taxonomy":"product_brand","embeddable":true,"href":"https:\/\/egiarecords.com\/eu\/wp-json\/wp\/v2\/product_brand?post=830"},{"taxonomy":"product_cat","embeddable":true,"href":"https:\/\/egiarecords.com\/eu\/wp-json\/wp\/v2\/product_cat?post=830"},{"taxonomy":"product_tag","embeddable":true,"href":"https:\/\/egiarecords.com\/eu\/wp-json\/wp\/v2\/product_tag?post=830"},{"taxonomy":"sello","embeddable":true,"href":"https:\/\/egiarecords.com\/eu\/wp-json\/wp\/v2\/sello?post=830"},{"taxonomy":"artista","embeddable":true,"href":"https:\/\/egiarecords.com\/eu\/wp-json\/wp\/v2\/artista?post=830"}],"curies":[{"name":"wp","href":"https:\/\/api.w.org\/{rel}","templated":true}]}}