{"id":816,"date":"2025-12-20T00:19:26","date_gmt":"2025-12-19T23:19:26","guid":{"rendered":"https:\/\/egiarecords.com\/?post_type=product&#038;p=816"},"modified":"2026-01-26T13:44:01","modified_gmt":"2026-01-26T12:44:01","slug":"drexciya-neptunes-lair","status":"publish","type":"product","link":"https:\/\/egiarecords.com\/eu\/denda\/drexciya-neptunes-lair\/","title":{"rendered":"Drexciya &#8211; Neptune&#8217;s Lair"},"content":{"rendered":"<p>Cl\u00e1sico de Techno de Detroit y Electro de 1999. Un trabajo seminal del d\u00fao Drexciya, con su concepto futurista acu\u00e1tico.<\/p>\n","protected":false},"excerpt":{"rendered":"<p>Cl\u00e1sico de Techno de Detroit y Electro de 1999. Un trabajo seminal del d\u00fao Drexciya, con su concepto futurista acu\u00e1tico.<\/p>\n","protected":false},"featured_media":818,"template":"","meta":[],"product_brand":[],"product_cat":[689],"product_tag":[],"sello":[58],"artista":[424],"class_list":{"0":"post-816","1":"product","2":"type-product","3":"status-publish","4":"has-post-thumbnail","6":"product_cat-vinilos","7":"sello-tresor","8":"artista-drexciya","9":"fecha-334","10":"estilo-electro","12":"first","13":"outofstock","14":"taxable","15":"shipping-taxable","16":"purchasable","17":"product-type-simple"},"_links":{"self":[{"href":"https:\/\/egiarecords.com\/eu\/wp-json\/wp\/v2\/product\/816","targetHints":{"allow":["GET"]}}],"collection":[{"href":"https:\/\/egiarecords.com\/eu\/wp-json\/wp\/v2\/product"}],"about":[{"href":"https:\/\/egiarecords.com\/eu\/wp-json\/wp\/v2\/types\/product"}],"wp:featuredmedia":[{"embeddable":true,"href":"https:\/\/egiarecords.com\/eu\/wp-json\/wp\/v2\/media\/818"}],"wp:attachment":[{"href":"https:\/\/egiarecords.com\/eu\/wp-json\/wp\/v2\/media?parent=816"}],"wp:term":[{"taxonomy":"product_brand","embeddable":true,"href":"https:\/\/egiarecords.com\/eu\/wp-json\/wp\/v2\/product_brand?post=816"},{"taxonomy":"product_cat","embeddable":true,"href":"https:\/\/egiarecords.com\/eu\/wp-json\/wp\/v2\/product_cat?post=816"},{"taxonomy":"product_tag","embeddable":true,"href":"https:\/\/egiarecords.com\/eu\/wp-json\/wp\/v2\/product_tag?post=816"},{"taxonomy":"sello","embeddable":true,"href":"https:\/\/egiarecords.com\/eu\/wp-json\/wp\/v2\/sello?post=816"},{"taxonomy":"artista","embeddable":true,"href":"https:\/\/egiarecords.com\/eu\/wp-json\/wp\/v2\/artista?post=816"}],"curies":[{"name":"wp","href":"https:\/\/api.w.org\/{rel}","templated":true}]}}