{"id":805,"date":"2025-12-20T00:16:36","date_gmt":"2025-12-19T23:16:36","guid":{"rendered":"https:\/\/egiarecords.com\/?post_type=product&#038;p=805"},"modified":"2026-04-25T14:46:12","modified_gmt":"2026-04-25T12:46:12","slug":"dj-spinna-eye-g-flips","status":"publish","type":"product","link":"https:\/\/egiarecords.com\/eu\/denda\/dj-spinna-eye-g-flips\/","title":{"rendered":"DJ Spinna &#8211; OG Flips"},"content":{"rendered":"<p>\u00c1lbum de instrumentales y remezclas no oficiales (flips) de Hip Hop y R&amp;B, con la producci\u00f3n caracter\u00edstica de DJ Spinna.<\/p>\n","protected":false},"excerpt":{"rendered":"<p>\u00c1lbum de instrumentales y remezclas no oficiales (flips) de Hip Hop y R&amp;B, con la producci\u00f3n caracter\u00edstica de DJ Spinna.<\/p>\n","protected":false},"featured_media":806,"template":"","meta":[],"product_brand":[],"product_cat":[1311,689],"product_tag":[],"sello":[418],"artista":[417],"class_list":{"0":"post-805","1":"product","2":"type-product","3":"status-publish","4":"has-post-thumbnail","6":"product_cat-mothertongue","7":"product_cat-vinilos","8":"sello-correct-technique-records","9":"artista-dj-spinna","10":"fecha-305","11":"estilo-sin-categorizar","13":"first","14":"outofstock","15":"taxable","16":"shipping-taxable","17":"purchasable","18":"product-type-simple"},"_links":{"self":[{"href":"https:\/\/egiarecords.com\/eu\/wp-json\/wp\/v2\/product\/805","targetHints":{"allow":["GET"]}}],"collection":[{"href":"https:\/\/egiarecords.com\/eu\/wp-json\/wp\/v2\/product"}],"about":[{"href":"https:\/\/egiarecords.com\/eu\/wp-json\/wp\/v2\/types\/product"}],"wp:featuredmedia":[{"embeddable":true,"href":"https:\/\/egiarecords.com\/eu\/wp-json\/wp\/v2\/media\/806"}],"wp:attachment":[{"href":"https:\/\/egiarecords.com\/eu\/wp-json\/wp\/v2\/media?parent=805"}],"wp:term":[{"taxonomy":"product_brand","embeddable":true,"href":"https:\/\/egiarecords.com\/eu\/wp-json\/wp\/v2\/product_brand?post=805"},{"taxonomy":"product_cat","embeddable":true,"href":"https:\/\/egiarecords.com\/eu\/wp-json\/wp\/v2\/product_cat?post=805"},{"taxonomy":"product_tag","embeddable":true,"href":"https:\/\/egiarecords.com\/eu\/wp-json\/wp\/v2\/product_tag?post=805"},{"taxonomy":"sello","embeddable":true,"href":"https:\/\/egiarecords.com\/eu\/wp-json\/wp\/v2\/sello?post=805"},{"taxonomy":"artista","embeddable":true,"href":"https:\/\/egiarecords.com\/eu\/wp-json\/wp\/v2\/artista?post=805"}],"curies":[{"name":"wp","href":"https:\/\/api.w.org\/{rel}","templated":true}]}}