{"id":798,"date":"2025-12-20T00:14:11","date_gmt":"2025-12-19T23:14:11","guid":{"rendered":"https:\/\/egiarecords.com\/?post_type=product&#038;p=798"},"modified":"2026-01-26T13:41:06","modified_gmt":"2026-01-26T12:41:06","slug":"depresion-sonora-los-perros-no-entienden-internet-y-yo-no-entiendo-de-sentimientos","status":"publish","type":"product","link":"https:\/\/egiarecords.com\/eu\/denda\/depresion-sonora-los-perros-no-entienden-internet-y-yo-no-entiendo-de-sentimientos\/","title":{"rendered":"Depresi\u00f3n Sonora &#8211; Los Perros No Entienden Internet (&#8230; Y Yo No Entiendo De Sentimientos)"},"content":{"rendered":"<p>\u00c1lbum debut (2024) del proyecto de post-punk espa\u00f1ol. Sonido melanc\u00f3lico y generacional con letras sobre la vida moderna y la soledad digital.<\/p>\n","protected":false},"excerpt":{"rendered":"<p>\u00c1lbum debut (2024) del proyecto de post-punk espa\u00f1ol. Sonido melanc\u00f3lico y generacional con letras sobre la vida moderna y la soledad digital.<\/p>\n","protected":false},"featured_media":800,"template":"","meta":[],"product_brand":[],"product_cat":[689],"product_tag":[],"sello":[54],"artista":[412],"class_list":{"0":"post-798","1":"product","2":"type-product","3":"status-publish","4":"has-post-thumbnail","6":"product_cat-vinilos","7":"sello-sonido-muchacho","8":"artista-depresion-sonora","9":"fecha-305","10":"estilo-post-punk","12":"first","13":"instock","14":"taxable","15":"shipping-taxable","16":"purchasable","17":"product-type-simple"},"_links":{"self":[{"href":"https:\/\/egiarecords.com\/eu\/wp-json\/wp\/v2\/product\/798","targetHints":{"allow":["GET"]}}],"collection":[{"href":"https:\/\/egiarecords.com\/eu\/wp-json\/wp\/v2\/product"}],"about":[{"href":"https:\/\/egiarecords.com\/eu\/wp-json\/wp\/v2\/types\/product"}],"wp:featuredmedia":[{"embeddable":true,"href":"https:\/\/egiarecords.com\/eu\/wp-json\/wp\/v2\/media\/800"}],"wp:attachment":[{"href":"https:\/\/egiarecords.com\/eu\/wp-json\/wp\/v2\/media?parent=798"}],"wp:term":[{"taxonomy":"product_brand","embeddable":true,"href":"https:\/\/egiarecords.com\/eu\/wp-json\/wp\/v2\/product_brand?post=798"},{"taxonomy":"product_cat","embeddable":true,"href":"https:\/\/egiarecords.com\/eu\/wp-json\/wp\/v2\/product_cat?post=798"},{"taxonomy":"product_tag","embeddable":true,"href":"https:\/\/egiarecords.com\/eu\/wp-json\/wp\/v2\/product_tag?post=798"},{"taxonomy":"sello","embeddable":true,"href":"https:\/\/egiarecords.com\/eu\/wp-json\/wp\/v2\/sello?post=798"},{"taxonomy":"artista","embeddable":true,"href":"https:\/\/egiarecords.com\/eu\/wp-json\/wp\/v2\/artista?post=798"}],"curies":[{"name":"wp","href":"https:\/\/api.w.org\/{rel}","templated":true}]}}