{"id":791,"date":"2025-12-20T00:13:17","date_gmt":"2025-12-19T23:13:17","guid":{"rendered":"https:\/\/egiarecords.com\/?post_type=product&#038;p=791"},"modified":"2026-02-05T13:01:48","modified_gmt":"2026-02-05T12:01:48","slug":"deborah-jordan-human","status":"publish","type":"product","link":"https:\/\/egiarecords.com\/eu\/denda\/deborah-jordan-human\/","title":{"rendered":"Deborah Jordan &#8211; Human"},"content":{"rendered":"<p>Colaboraci\u00f3n que fusiona Soul, Jazz, y Broken Beat. K15 proporciona una producci\u00f3n c\u00e1lida y org\u00e1nica para la voz de Jordan.<\/p>\n","protected":false},"excerpt":{"rendered":"<p>Colaboraci\u00f3n que fusiona Soul, Jazz, y Broken Beat. K15 proporciona una producci\u00f3n c\u00e1lida y org\u00e1nica para la voz de Jordan.<\/p>\n","protected":false},"featured_media":793,"template":"","meta":[],"product_brand":[],"product_cat":[689],"product_tag":[],"sello":[408,1315],"artista":[405,406],"class_list":{"0":"post-791","1":"product","2":"type-product","3":"status-publish","4":"has-post-thumbnail","6":"product_cat-vinilos","7":"sello-futuristica-music","8":"sello-hip-pocket-records","9":"artista-deborah-jordan","10":"artista-k15","11":"fecha-317","12":"estilo-downtempo","13":"estilo-soul","15":"first","16":"instock","17":"taxable","18":"shipping-taxable","19":"purchasable","20":"product-type-simple"},"_links":{"self":[{"href":"https:\/\/egiarecords.com\/eu\/wp-json\/wp\/v2\/product\/791","targetHints":{"allow":["GET"]}}],"collection":[{"href":"https:\/\/egiarecords.com\/eu\/wp-json\/wp\/v2\/product"}],"about":[{"href":"https:\/\/egiarecords.com\/eu\/wp-json\/wp\/v2\/types\/product"}],"wp:featuredmedia":[{"embeddable":true,"href":"https:\/\/egiarecords.com\/eu\/wp-json\/wp\/v2\/media\/793"}],"wp:attachment":[{"href":"https:\/\/egiarecords.com\/eu\/wp-json\/wp\/v2\/media?parent=791"}],"wp:term":[{"taxonomy":"product_brand","embeddable":true,"href":"https:\/\/egiarecords.com\/eu\/wp-json\/wp\/v2\/product_brand?post=791"},{"taxonomy":"product_cat","embeddable":true,"href":"https:\/\/egiarecords.com\/eu\/wp-json\/wp\/v2\/product_cat?post=791"},{"taxonomy":"product_tag","embeddable":true,"href":"https:\/\/egiarecords.com\/eu\/wp-json\/wp\/v2\/product_tag?post=791"},{"taxonomy":"sello","embeddable":true,"href":"https:\/\/egiarecords.com\/eu\/wp-json\/wp\/v2\/sello?post=791"},{"taxonomy":"artista","embeddable":true,"href":"https:\/\/egiarecords.com\/eu\/wp-json\/wp\/v2\/artista?post=791"}],"curies":[{"name":"wp","href":"https:\/\/api.w.org\/{rel}","templated":true}]}}