{"id":739,"date":"2025-12-20T00:02:09","date_gmt":"2025-12-19T23:02:09","guid":{"rendered":"https:\/\/egiarecords.com\/?post_type=product&#038;p=739"},"modified":"2026-02-09T13:19:18","modified_gmt":"2026-02-09T12:19:18","slug":"burial-dreamfear-boy-sent-from-above","status":"publish","type":"product","link":"https:\/\/egiarecords.com\/eu\/denda\/burial-dreamfear-boy-sent-from-above\/","title":{"rendered":"Burial &#8211; Dreamfear\u200b \/ \u200bBoy Sent From Above"},"content":{"rendered":"<p>El regreso m\u00e1s audaz de William Bevan. Abandonando el ambient minimalista, <i data-path-to-node=\"3,1,0\" data-index-in-node=\"93\">Dreamfear<\/i> es una descarga de adrenalina anal\u00f3gica que recupera el esp\u00edritu de las radios piratas, mezclando nostalgia &#8216;rave&#8217; con una producci\u00f3n masiva y cinematogr\u00e1fica<\/p>\n","protected":false},"excerpt":{"rendered":"<p>El regreso m\u00e1s audaz de William Bevan. Abandonando el ambient minimalista, Dreamfear es una descarga de adrenalina anal\u00f3gica que recupera el esp\u00edritu de las radios piratas, mezclando nostalgia &#8216;rave&#8217; con una producci\u00f3n masiva y cinematogr\u00e1fica<\/p>\n","protected":false},"featured_media":741,"template":"","meta":[],"product_brand":[],"product_cat":[689],"product_tag":[],"sello":[66],"artista":[370],"class_list":{"0":"post-739","1":"product","2":"type-product","3":"status-publish","4":"has-post-thumbnail","6":"product_cat-vinilos","7":"sello-xl-recordings","8":"artista-burial","9":"fecha-334","10":"estilo-breakbeat","11":"estilo-experimental","12":"estilo-techno","13":"estilo-uk-garage","15":"first","16":"onbackorder","17":"taxable","18":"shipping-taxable","19":"purchasable","20":"product-type-simple"},"_links":{"self":[{"href":"https:\/\/egiarecords.com\/eu\/wp-json\/wp\/v2\/product\/739","targetHints":{"allow":["GET"]}}],"collection":[{"href":"https:\/\/egiarecords.com\/eu\/wp-json\/wp\/v2\/product"}],"about":[{"href":"https:\/\/egiarecords.com\/eu\/wp-json\/wp\/v2\/types\/product"}],"wp:featuredmedia":[{"embeddable":true,"href":"https:\/\/egiarecords.com\/eu\/wp-json\/wp\/v2\/media\/741"}],"wp:attachment":[{"href":"https:\/\/egiarecords.com\/eu\/wp-json\/wp\/v2\/media?parent=739"}],"wp:term":[{"taxonomy":"product_brand","embeddable":true,"href":"https:\/\/egiarecords.com\/eu\/wp-json\/wp\/v2\/product_brand?post=739"},{"taxonomy":"product_cat","embeddable":true,"href":"https:\/\/egiarecords.com\/eu\/wp-json\/wp\/v2\/product_cat?post=739"},{"taxonomy":"product_tag","embeddable":true,"href":"https:\/\/egiarecords.com\/eu\/wp-json\/wp\/v2\/product_tag?post=739"},{"taxonomy":"sello","embeddable":true,"href":"https:\/\/egiarecords.com\/eu\/wp-json\/wp\/v2\/sello?post=739"},{"taxonomy":"artista","embeddable":true,"href":"https:\/\/egiarecords.com\/eu\/wp-json\/wp\/v2\/artista?post=739"}],"curies":[{"name":"wp","href":"https:\/\/api.w.org\/{rel}","templated":true}]}}