{"id":728,"date":"2025-12-19T23:59:41","date_gmt":"2025-12-19T22:59:41","guid":{"rendered":"https:\/\/egiarecords.com\/?post_type=product&#038;p=728"},"modified":"2026-02-05T12:43:19","modified_gmt":"2026-02-05T11:43:19","slug":"narg-funk-machine-black-beat-disco","status":"publish","type":"product","link":"https:\/\/egiarecords.com\/eu\/denda\/narg-funk-machine-black-beat-disco\/","title":{"rendered":"Narg Funk Machine &#8211; Black Beat Disco"},"content":{"rendered":"<p>EP de House\/Techno con ritmos funkies y percusi\u00f3n pesada, t\u00edpico de la m\u00fasica de baile cruda.<\/p>\n","protected":false},"excerpt":{"rendered":"<p>EP de House\/Techno con ritmos funkies y percusi\u00f3n pesada, t\u00edpico de la m\u00fasica de baile cruda.<\/p>\n","protected":false},"featured_media":729,"template":"","meta":[],"product_brand":[],"product_cat":[1311,689],"product_tag":[],"sello":[364],"artista":[361],"class_list":{"0":"post-728","1":"product","2":"type-product","3":"status-publish","4":"has-post-thumbnail","6":"product_cat-mothertongue","7":"product_cat-vinilos","8":"sello-dig-this-way-records","9":"artista-narg-funk-machine","10":"fecha-306","11":"estilo-african","12":"estilo-afrobeat","13":"estilo-funk","15":"first","16":"onbackorder","17":"taxable","18":"shipping-taxable","19":"purchasable","20":"product-type-simple"},"_links":{"self":[{"href":"https:\/\/egiarecords.com\/eu\/wp-json\/wp\/v2\/product\/728","targetHints":{"allow":["GET"]}}],"collection":[{"href":"https:\/\/egiarecords.com\/eu\/wp-json\/wp\/v2\/product"}],"about":[{"href":"https:\/\/egiarecords.com\/eu\/wp-json\/wp\/v2\/types\/product"}],"wp:featuredmedia":[{"embeddable":true,"href":"https:\/\/egiarecords.com\/eu\/wp-json\/wp\/v2\/media\/729"}],"wp:attachment":[{"href":"https:\/\/egiarecords.com\/eu\/wp-json\/wp\/v2\/media?parent=728"}],"wp:term":[{"taxonomy":"product_brand","embeddable":true,"href":"https:\/\/egiarecords.com\/eu\/wp-json\/wp\/v2\/product_brand?post=728"},{"taxonomy":"product_cat","embeddable":true,"href":"https:\/\/egiarecords.com\/eu\/wp-json\/wp\/v2\/product_cat?post=728"},{"taxonomy":"product_tag","embeddable":true,"href":"https:\/\/egiarecords.com\/eu\/wp-json\/wp\/v2\/product_tag?post=728"},{"taxonomy":"sello","embeddable":true,"href":"https:\/\/egiarecords.com\/eu\/wp-json\/wp\/v2\/sello?post=728"},{"taxonomy":"artista","embeddable":true,"href":"https:\/\/egiarecords.com\/eu\/wp-json\/wp\/v2\/artista?post=728"}],"curies":[{"name":"wp","href":"https:\/\/api.w.org\/{rel}","templated":true}]}}