{"id":721,"date":"2025-12-19T23:58:03","date_gmt":"2025-12-19T22:58:03","guid":{"rendered":"https:\/\/egiarecords.com\/?post_type=product&#038;p=721"},"modified":"2026-01-29T11:10:33","modified_gmt":"2026-01-29T10:10:33","slug":"batida-dois","status":"publish","type":"product","link":"https:\/\/egiarecords.com\/eu\/denda\/batida-dois\/","title":{"rendered":"Batida &#8211; Dois"},"content":{"rendered":"<p>Proyecto del productor angole\u00f1o. M\u00fasica de baile electr\u00f3nica que fusiona Kuduro, Afrobeat y samples de la m\u00fasica tradicional de Angola.<\/p>\n","protected":false},"excerpt":{"rendered":"<p>Proyecto del productor angole\u00f1o. M\u00fasica de baile electr\u00f3nica que fusiona Kuduro, Afrobeat y samples de la m\u00fasica tradicional de Angola.<\/p>\n","protected":false},"featured_media":723,"template":"","meta":[],"product_brand":[],"product_cat":[689],"product_tag":[],"sello":[355],"artista":[352],"class_list":{"0":"post-721","1":"product","2":"type-product","3":"status-publish","4":"has-post-thumbnail","6":"product_cat-vinilos","7":"sello-soundway","8":"artista-batida","9":"fecha-356","10":"estilo-african","11":"estilo-bass-music","12":"estilo-leftfield","14":"first","15":"instock","16":"taxable","17":"shipping-taxable","18":"purchasable","19":"product-type-simple"},"_links":{"self":[{"href":"https:\/\/egiarecords.com\/eu\/wp-json\/wp\/v2\/product\/721","targetHints":{"allow":["GET"]}}],"collection":[{"href":"https:\/\/egiarecords.com\/eu\/wp-json\/wp\/v2\/product"}],"about":[{"href":"https:\/\/egiarecords.com\/eu\/wp-json\/wp\/v2\/types\/product"}],"wp:featuredmedia":[{"embeddable":true,"href":"https:\/\/egiarecords.com\/eu\/wp-json\/wp\/v2\/media\/723"}],"wp:attachment":[{"href":"https:\/\/egiarecords.com\/eu\/wp-json\/wp\/v2\/media?parent=721"}],"wp:term":[{"taxonomy":"product_brand","embeddable":true,"href":"https:\/\/egiarecords.com\/eu\/wp-json\/wp\/v2\/product_brand?post=721"},{"taxonomy":"product_cat","embeddable":true,"href":"https:\/\/egiarecords.com\/eu\/wp-json\/wp\/v2\/product_cat?post=721"},{"taxonomy":"product_tag","embeddable":true,"href":"https:\/\/egiarecords.com\/eu\/wp-json\/wp\/v2\/product_tag?post=721"},{"taxonomy":"sello","embeddable":true,"href":"https:\/\/egiarecords.com\/eu\/wp-json\/wp\/v2\/sello?post=721"},{"taxonomy":"artista","embeddable":true,"href":"https:\/\/egiarecords.com\/eu\/wp-json\/wp\/v2\/artista?post=721"}],"curies":[{"name":"wp","href":"https:\/\/api.w.org\/{rel}","templated":true}]}}