{"id":7009,"date":"2026-05-13T13:29:34","date_gmt":"2026-05-13T11:29:34","guid":{"rendered":"https:\/\/egiarecords.com\/?post_type=product&#038;p=7009"},"modified":"2026-05-14T17:10:33","modified_gmt":"2026-05-14T15:10:33","slug":"triangulo-de-amor-bizarro-mi-catedral","status":"publish","type":"product","link":"https:\/\/egiarecords.com\/eu\/denda\/triangulo-de-amor-bizarro-mi-catedral\/","title":{"rendered":"Triangulo de amor bizarro &#8211; Mi catedral"},"content":{"rendered":"<table class=\"v1MsoNormalTable\" border=\"0\" width=\"100%\" cellpadding=\"0\">\n<tbody>\n<tr>\n<td>\n<p class=\"v1MsoNormal\">Tri\u00e1ngulo de Amor Bizarro presentan Sacrificio, el primer adelanto de su pr\u00f3ximo disco, que llevar\u00e1 por t\u00edtulo Mi Catedral. Por ahora poco sabemos al respecto de este nuevo proyecto, aunque basta darle una escucha a este primer single, en clame de noise pop y post-rock, con guitarras cargadas de tr\u00e9molo y capas densas, para darnos cuenta de que estamos ante la caracter\u00edstica intensidad del tr\u00edo gallego en estado puro.<\/p>\n<p>El tema sit\u00faa a Galicia como eje central, no solo como paisaje, sino tambi\u00e9n como territorio de mito y magia. Las meigas, figuras tradicionales de la cultura gallega, aparecen como \u201chermanas de la oscuridad\u201d, convocadas en lo que la banda describe como un \u201cconjuro pop\u201d. La letra y la estructura de Sacrificio combinan el brillo mel\u00f3dico con la densidad del ruido, generando un efecto que refleja y deforma la emoci\u00f3n, como un \u201cestanque de plata\u201d, que devuelve im\u00e1genes n\u00edtidas solo a medias.<\/td>\n<td><\/td>\n<\/tr>\n<tr>\n<td>\n<p class=\"v1MsoNormal\">TRACKLIST<\/p>\n<\/td>\n<td><\/td>\n<\/tr>\n<tr>\n<td>\n<p class=\"v1MsoNormal\">CARA A:;|1. SMT en el Palacio Real;|2. Diosas Adolescentes;|3. Odio a Mi Generaci\u00f3n;|4. Media Vida;|5. BBBMV a.r.m.a.s.;|6. Matar a un Rey; !CARA B:; |1. Mi Catedral;|2. En la Corte del E.;|3. Este contra Oeste;|4. La Era Chapada en Oro;|5. Pat a trenca;|6. Sacrificio;<\/p>\n<\/td>\n<\/tr>\n<\/tbody>\n<\/table>\n","protected":false},"excerpt":{"rendered":"<p>Tri\u00e1ngulo de Amor Bizarro presentan Sacrificio, el primer adelanto de su pr\u00f3ximo disco, que llevar\u00e1 por t\u00edtulo Mi Catedral. Por ahora poco sabemos al respecto de este nuevo proyecto, aunque basta darle una escucha a este primer single, en clame de noise pop y post-rock, con guitarras cargadas de tr\u00e9molo y capas densas, para darnos [&hellip;]<\/p>\n","protected":false},"featured_media":7010,"template":"","meta":[],"product_brand":[],"product_cat":[689],"product_tag":[],"sello":[54],"artista":[665],"class_list":{"0":"post-7009","1":"product","2":"type-product","3":"status-publish","4":"has-post-thumbnail","6":"product_cat-vinilos","7":"sello-sonido-muchacho","8":"artista-triangulo-de-amor-bizarro","9":"fecha-1302","10":"estilo-pop-rock","12":"first","13":"instock","14":"featured","15":"taxable","16":"shipping-taxable","17":"purchasable","18":"product-type-simple"},"_links":{"self":[{"href":"https:\/\/egiarecords.com\/eu\/wp-json\/wp\/v2\/product\/7009","targetHints":{"allow":["GET"]}}],"collection":[{"href":"https:\/\/egiarecords.com\/eu\/wp-json\/wp\/v2\/product"}],"about":[{"href":"https:\/\/egiarecords.com\/eu\/wp-json\/wp\/v2\/types\/product"}],"wp:featuredmedia":[{"embeddable":true,"href":"https:\/\/egiarecords.com\/eu\/wp-json\/wp\/v2\/media\/7010"}],"wp:attachment":[{"href":"https:\/\/egiarecords.com\/eu\/wp-json\/wp\/v2\/media?parent=7009"}],"wp:term":[{"taxonomy":"product_brand","embeddable":true,"href":"https:\/\/egiarecords.com\/eu\/wp-json\/wp\/v2\/product_brand?post=7009"},{"taxonomy":"product_cat","embeddable":true,"href":"https:\/\/egiarecords.com\/eu\/wp-json\/wp\/v2\/product_cat?post=7009"},{"taxonomy":"product_tag","embeddable":true,"href":"https:\/\/egiarecords.com\/eu\/wp-json\/wp\/v2\/product_tag?post=7009"},{"taxonomy":"sello","embeddable":true,"href":"https:\/\/egiarecords.com\/eu\/wp-json\/wp\/v2\/sello?post=7009"},{"taxonomy":"artista","embeddable":true,"href":"https:\/\/egiarecords.com\/eu\/wp-json\/wp\/v2\/artista?post=7009"}],"curies":[{"name":"wp","href":"https:\/\/api.w.org\/{rel}","templated":true}]}}