{"id":685,"date":"2025-12-19T23:48:33","date_gmt":"2025-12-19T22:48:33","guid":{"rendered":"https:\/\/egiarecords.com\/?post_type=product&#038;p=685"},"modified":"2026-03-24T16:57:52","modified_gmt":"2026-03-24T15:57:52","slug":"aphex-twin-selected-ambient-works-volume-ii","status":"publish","type":"product","link":"https:\/\/egiarecords.com\/eu\/denda\/aphex-twin-selected-ambient-works-volume-ii\/","title":{"rendered":"Aphex Twin &#8211; Selected Ambient Works Volume II"},"content":{"rendered":"<p>Edici\u00f3n expandida del 30\u00ba aniversario del aclamado \u00e1lbum de Ambient de Aphex Twin. Cu\u00e1druple vinilo (4LP) con temas in\u00e9ditos.<\/p>\n","protected":false},"excerpt":{"rendered":"<p>Edici\u00f3n expandida del 30\u00ba aniversario del aclamado \u00e1lbum de Ambient de Aphex Twin. Cu\u00e1druple vinilo (4LP) con temas in\u00e9ditos.<\/p>\n","protected":false},"featured_media":687,"template":"","meta":[],"product_brand":[],"product_cat":[689],"product_tag":[],"sello":[333],"artista":[327],"class_list":{"0":"post-685","1":"product","2":"type-product","3":"status-publish","4":"has-post-thumbnail","6":"product_cat-vinilos","7":"sello-warp-records","8":"artista-aphex-twin","9":"fecha-334","10":"estilo-ambient","11":"estilo-experimental","13":"first","14":"instock","15":"taxable","16":"shipping-taxable","17":"purchasable","18":"product-type-simple"},"_links":{"self":[{"href":"https:\/\/egiarecords.com\/eu\/wp-json\/wp\/v2\/product\/685","targetHints":{"allow":["GET"]}}],"collection":[{"href":"https:\/\/egiarecords.com\/eu\/wp-json\/wp\/v2\/product"}],"about":[{"href":"https:\/\/egiarecords.com\/eu\/wp-json\/wp\/v2\/types\/product"}],"wp:featuredmedia":[{"embeddable":true,"href":"https:\/\/egiarecords.com\/eu\/wp-json\/wp\/v2\/media\/687"}],"wp:attachment":[{"href":"https:\/\/egiarecords.com\/eu\/wp-json\/wp\/v2\/media?parent=685"}],"wp:term":[{"taxonomy":"product_brand","embeddable":true,"href":"https:\/\/egiarecords.com\/eu\/wp-json\/wp\/v2\/product_brand?post=685"},{"taxonomy":"product_cat","embeddable":true,"href":"https:\/\/egiarecords.com\/eu\/wp-json\/wp\/v2\/product_cat?post=685"},{"taxonomy":"product_tag","embeddable":true,"href":"https:\/\/egiarecords.com\/eu\/wp-json\/wp\/v2\/product_tag?post=685"},{"taxonomy":"sello","embeddable":true,"href":"https:\/\/egiarecords.com\/eu\/wp-json\/wp\/v2\/sello?post=685"},{"taxonomy":"artista","embeddable":true,"href":"https:\/\/egiarecords.com\/eu\/wp-json\/wp\/v2\/artista?post=685"}],"curies":[{"name":"wp","href":"https:\/\/api.w.org\/{rel}","templated":true}]}}