{"id":6689,"date":"2026-05-05T11:48:25","date_gmt":"2026-05-05T09:48:25","guid":{"rendered":"https:\/\/egiarecords.com\/?post_type=product&#038;p=6689"},"modified":"2026-05-05T11:48:38","modified_gmt":"2026-05-05T09:48:38","slug":"jorge-ben-jorge-ben","status":"publish","type":"product","link":"https:\/\/egiarecords.com\/eu\/denda\/jorge-ben-jorge-ben\/","title":{"rendered":"Jorge Ben &#8211; Jorge Ben"},"content":{"rendered":"<p>Contiene algunos de los mayores tesoros de su carrera, como &#8216;Pa\u00eds Tropical&#8217; o &#8216;Que Pena&#8217;, canciones que se convirtieron instant\u00e1neamente en el ADN sonoro de Brasil y en s\u00edmbolos de orgullo cultural<\/p>\n","protected":false},"excerpt":{"rendered":"<p>Contiene algunos de los mayores tesoros de su carrera, como &#8216;Pa\u00eds Tropical&#8217; o &#8216;Que Pena&#8217;, canciones que se convirtieron instant\u00e1neamente en el ADN sonoro de Brasil y en s\u00edmbolos de orgullo cultural<\/p>\n","protected":false},"featured_media":6691,"template":"","meta":[],"product_brand":[],"product_cat":[689],"product_tag":[],"sello":[821],"artista":[1830],"class_list":{"0":"post-6689","1":"product","2":"type-product","3":"status-publish","4":"has-post-thumbnail","6":"product_cat-vinilos","7":"sello-vampi-soul","8":"artista-jorge-ben","9":"fecha-1302","10":"estilo-bossa-nova","11":"estilo-mpb","12":"estilo-samba","14":"first","15":"instock","16":"taxable","17":"shipping-taxable","18":"purchasable","19":"product-type-simple"},"_links":{"self":[{"href":"https:\/\/egiarecords.com\/eu\/wp-json\/wp\/v2\/product\/6689","targetHints":{"allow":["GET"]}}],"collection":[{"href":"https:\/\/egiarecords.com\/eu\/wp-json\/wp\/v2\/product"}],"about":[{"href":"https:\/\/egiarecords.com\/eu\/wp-json\/wp\/v2\/types\/product"}],"wp:featuredmedia":[{"embeddable":true,"href":"https:\/\/egiarecords.com\/eu\/wp-json\/wp\/v2\/media\/6691"}],"wp:attachment":[{"href":"https:\/\/egiarecords.com\/eu\/wp-json\/wp\/v2\/media?parent=6689"}],"wp:term":[{"taxonomy":"product_brand","embeddable":true,"href":"https:\/\/egiarecords.com\/eu\/wp-json\/wp\/v2\/product_brand?post=6689"},{"taxonomy":"product_cat","embeddable":true,"href":"https:\/\/egiarecords.com\/eu\/wp-json\/wp\/v2\/product_cat?post=6689"},{"taxonomy":"product_tag","embeddable":true,"href":"https:\/\/egiarecords.com\/eu\/wp-json\/wp\/v2\/product_tag?post=6689"},{"taxonomy":"sello","embeddable":true,"href":"https:\/\/egiarecords.com\/eu\/wp-json\/wp\/v2\/sello?post=6689"},{"taxonomy":"artista","embeddable":true,"href":"https:\/\/egiarecords.com\/eu\/wp-json\/wp\/v2\/artista?post=6689"}],"curies":[{"name":"wp","href":"https:\/\/api.w.org\/{rel}","templated":true}]}}