{"id":6682,"date":"2026-05-05T11:28:27","date_gmt":"2026-05-05T09:28:27","guid":{"rendered":"https:\/\/egiarecords.com\/?post_type=product&#038;p=6682"},"modified":"2026-05-05T11:34:36","modified_gmt":"2026-05-05T09:34:36","slug":"los-felcas-sabor-a-felcas","status":"publish","type":"product","link":"https:\/\/egiarecords.com\/eu\/denda\/los-felcas-sabor-a-felcas\/","title":{"rendered":"Los Felcas &#8211; Sabor A Felcas"},"content":{"rendered":"<p>Los Felcas lograron con este trabajo un sonido distintivo que los convirti\u00f3 en favoritos de las pistas de baile, dejando un legado de sabor que sigue siendo referencia para los amantes de la m\u00fasica latina cl\u00e1sica.<\/p>\n","protected":false},"excerpt":{"rendered":"<p>Los Felcas lograron con este trabajo un sonido distintivo que los convirti\u00f3 en favoritos de las pistas de baile, dejando un legado de sabor que sigue siendo referencia para los amantes de la m\u00fasica latina cl\u00e1sica.<\/p>\n","protected":false},"featured_media":6685,"template":"","meta":[],"product_brand":[],"product_cat":[689],"product_tag":[],"sello":[821],"artista":[1827],"class_list":{"0":"post-6682","1":"product","2":"type-product","3":"status-publish","4":"has-post-thumbnail","6":"product_cat-vinilos","7":"sello-vampi-soul","8":"artista-los-felcas","9":"fecha-1302","10":"estilo-psychedelic","12":"first","13":"instock","14":"taxable","15":"shipping-taxable","16":"purchasable","17":"product-type-simple"},"_links":{"self":[{"href":"https:\/\/egiarecords.com\/eu\/wp-json\/wp\/v2\/product\/6682","targetHints":{"allow":["GET"]}}],"collection":[{"href":"https:\/\/egiarecords.com\/eu\/wp-json\/wp\/v2\/product"}],"about":[{"href":"https:\/\/egiarecords.com\/eu\/wp-json\/wp\/v2\/types\/product"}],"wp:featuredmedia":[{"embeddable":true,"href":"https:\/\/egiarecords.com\/eu\/wp-json\/wp\/v2\/media\/6685"}],"wp:attachment":[{"href":"https:\/\/egiarecords.com\/eu\/wp-json\/wp\/v2\/media?parent=6682"}],"wp:term":[{"taxonomy":"product_brand","embeddable":true,"href":"https:\/\/egiarecords.com\/eu\/wp-json\/wp\/v2\/product_brand?post=6682"},{"taxonomy":"product_cat","embeddable":true,"href":"https:\/\/egiarecords.com\/eu\/wp-json\/wp\/v2\/product_cat?post=6682"},{"taxonomy":"product_tag","embeddable":true,"href":"https:\/\/egiarecords.com\/eu\/wp-json\/wp\/v2\/product_tag?post=6682"},{"taxonomy":"sello","embeddable":true,"href":"https:\/\/egiarecords.com\/eu\/wp-json\/wp\/v2\/sello?post=6682"},{"taxonomy":"artista","embeddable":true,"href":"https:\/\/egiarecords.com\/eu\/wp-json\/wp\/v2\/artista?post=6682"}],"curies":[{"name":"wp","href":"https:\/\/api.w.org\/{rel}","templated":true}]}}