{"id":6679,"date":"2026-05-05T11:23:22","date_gmt":"2026-05-05T09:23:22","guid":{"rendered":"https:\/\/egiarecords.com\/?post_type=product&#038;p=6679"},"modified":"2026-05-05T11:23:59","modified_gmt":"2026-05-05T09:23:59","slug":"el-bailador-de-la-equina-salsa-dura-from-the-discos-fuentes-vaults-1974-1985","status":"publish","type":"product","link":"https:\/\/egiarecords.com\/eu\/denda\/el-bailador-de-la-equina-salsa-dura-from-the-discos-fuentes-vaults-1974-1985\/","title":{"rendered":"El Bailador De La Equina (Salsa Dura From The Discos Fuentes Vaults (1974 &#8211; 1985))"},"content":{"rendered":"<p>Este recopilatorio pone en valor el legado de Discos Fuentes como una de las instituciones m\u00e1s importantes de la m\u00fasica latina, demostrando que la salsa colombiana ten\u00eda una fuerza y un sabor \u00fanicos en el mundo<\/p>\n","protected":false},"excerpt":{"rendered":"<p>Este recopilatorio pone en valor el legado de Discos Fuentes como una de las instituciones m\u00e1s importantes de la m\u00fasica latina, demostrando que la salsa colombiana ten\u00eda una fuerza y un sabor \u00fanicos en el mundo<\/p>\n","protected":false},"featured_media":6680,"template":"","meta":[],"product_brand":[],"product_cat":[689],"product_tag":[],"sello":[821],"artista":[],"class_list":{"0":"post-6679","1":"product","2":"type-product","3":"status-publish","4":"has-post-thumbnail","6":"product_cat-vinilos","7":"sello-vampi-soul","8":"fecha-305","9":"estilo-salsa","10":"estilo-vallenato","12":"first","13":"instock","14":"taxable","15":"shipping-taxable","16":"purchasable","17":"product-type-simple"},"_links":{"self":[{"href":"https:\/\/egiarecords.com\/eu\/wp-json\/wp\/v2\/product\/6679","targetHints":{"allow":["GET"]}}],"collection":[{"href":"https:\/\/egiarecords.com\/eu\/wp-json\/wp\/v2\/product"}],"about":[{"href":"https:\/\/egiarecords.com\/eu\/wp-json\/wp\/v2\/types\/product"}],"wp:featuredmedia":[{"embeddable":true,"href":"https:\/\/egiarecords.com\/eu\/wp-json\/wp\/v2\/media\/6680"}],"wp:attachment":[{"href":"https:\/\/egiarecords.com\/eu\/wp-json\/wp\/v2\/media?parent=6679"}],"wp:term":[{"taxonomy":"product_brand","embeddable":true,"href":"https:\/\/egiarecords.com\/eu\/wp-json\/wp\/v2\/product_brand?post=6679"},{"taxonomy":"product_cat","embeddable":true,"href":"https:\/\/egiarecords.com\/eu\/wp-json\/wp\/v2\/product_cat?post=6679"},{"taxonomy":"product_tag","embeddable":true,"href":"https:\/\/egiarecords.com\/eu\/wp-json\/wp\/v2\/product_tag?post=6679"},{"taxonomy":"sello","embeddable":true,"href":"https:\/\/egiarecords.com\/eu\/wp-json\/wp\/v2\/sello?post=6679"},{"taxonomy":"artista","embeddable":true,"href":"https:\/\/egiarecords.com\/eu\/wp-json\/wp\/v2\/artista?post=6679"}],"curies":[{"name":"wp","href":"https:\/\/api.w.org\/{rel}","templated":true}]}}