{"id":6675,"date":"2026-05-05T11:13:37","date_gmt":"2026-05-05T09:13:37","guid":{"rendered":"https:\/\/egiarecords.com\/?post_type=product&#038;p=6675"},"modified":"2026-05-05T11:14:05","modified_gmt":"2026-05-05T09:14:05","slug":"the-animals-the-animals","status":"publish","type":"product","link":"https:\/\/egiarecords.com\/eu\/denda\/the-animals-the-animals\/","title":{"rendered":"The Animals &#8211; The Animals"},"content":{"rendered":"<p>Dominado por la voz cavernosa y potente de Eric Burdon y el \u00f3rgano hipn\u00f3tico de Alan Price, el disco ofrece un sonido mucho m\u00e1s oscuro y visceral que el de sus contempor\u00e1neos de la \u00e9poca.<\/p>\n","protected":false},"excerpt":{"rendered":"<p>Dominado por la voz cavernosa y potente de Eric Burdon y el \u00f3rgano hipn\u00f3tico de Alan Price, el disco ofrece un sonido mucho m\u00e1s oscuro y visceral que el de sus contempor\u00e1neos de la \u00e9poca.<\/p>\n","protected":false},"featured_media":6677,"template":"","meta":[],"product_brand":[],"product_cat":[689],"product_tag":[],"sello":[400],"artista":[646],"class_list":{"0":"post-6675","1":"product","2":"type-product","3":"status-publish","4":"has-post-thumbnail","6":"product_cat-vinilos","7":"sello-parlophone","8":"artista-the-animals","9":"fecha-334","10":"estilo-mod","11":"estilo-rhythm-blues","12":"estilo-rock-roll","14":"first","15":"instock","16":"taxable","17":"shipping-taxable","18":"purchasable","19":"product-type-simple"},"_links":{"self":[{"href":"https:\/\/egiarecords.com\/eu\/wp-json\/wp\/v2\/product\/6675","targetHints":{"allow":["GET"]}}],"collection":[{"href":"https:\/\/egiarecords.com\/eu\/wp-json\/wp\/v2\/product"}],"about":[{"href":"https:\/\/egiarecords.com\/eu\/wp-json\/wp\/v2\/types\/product"}],"wp:featuredmedia":[{"embeddable":true,"href":"https:\/\/egiarecords.com\/eu\/wp-json\/wp\/v2\/media\/6677"}],"wp:attachment":[{"href":"https:\/\/egiarecords.com\/eu\/wp-json\/wp\/v2\/media?parent=6675"}],"wp:term":[{"taxonomy":"product_brand","embeddable":true,"href":"https:\/\/egiarecords.com\/eu\/wp-json\/wp\/v2\/product_brand?post=6675"},{"taxonomy":"product_cat","embeddable":true,"href":"https:\/\/egiarecords.com\/eu\/wp-json\/wp\/v2\/product_cat?post=6675"},{"taxonomy":"product_tag","embeddable":true,"href":"https:\/\/egiarecords.com\/eu\/wp-json\/wp\/v2\/product_tag?post=6675"},{"taxonomy":"sello","embeddable":true,"href":"https:\/\/egiarecords.com\/eu\/wp-json\/wp\/v2\/sello?post=6675"},{"taxonomy":"artista","embeddable":true,"href":"https:\/\/egiarecords.com\/eu\/wp-json\/wp\/v2\/artista?post=6675"}],"curies":[{"name":"wp","href":"https:\/\/api.w.org\/{rel}","templated":true}]}}