{"id":6671,"date":"2026-05-05T11:06:57","date_gmt":"2026-05-05T09:06:57","guid":{"rendered":"https:\/\/egiarecords.com\/?post_type=product&#038;p=6671"},"modified":"2026-05-05T11:07:07","modified_gmt":"2026-05-05T09:07:07","slug":"supertramp-breakfast-in-america","status":"publish","type":"product","link":"https:\/\/egiarecords.com\/eu\/denda\/supertramp-breakfast-in-america\/","title":{"rendered":"Supertramp &#8211; Breakfast In America"},"content":{"rendered":"<p>Es un \u00e1lbum conceptualmente brillante que explora la fascinaci\u00f3n y el desencanto con el sue\u00f1o americano, equilibrando cinismo y melod\u00eda con una precisi\u00f3n casi m\u00e1gica<\/p>\n","protected":false},"excerpt":{"rendered":"<p>Es un \u00e1lbum conceptualmente brillante que explora la fascinaci\u00f3n y el desencanto con el sue\u00f1o americano, equilibrando cinismo y melod\u00eda con una precisi\u00f3n casi m\u00e1gica<\/p>\n","protected":false},"featured_media":6673,"template":"","meta":[],"product_brand":[],"product_cat":[689],"product_tag":[],"sello":[1580],"artista":[1157],"class_list":{"0":"post-6671","1":"product","2":"type-product","3":"status-publish","4":"has-post-thumbnail","6":"product_cat-vinilos","7":"sello-am-records","8":"artista-supertramp","9":"fecha-1302","10":"estilo-art-rock","11":"estilo-pop-rock","13":"first","14":"instock","15":"taxable","16":"shipping-taxable","17":"purchasable","18":"product-type-simple"},"_links":{"self":[{"href":"https:\/\/egiarecords.com\/eu\/wp-json\/wp\/v2\/product\/6671","targetHints":{"allow":["GET"]}}],"collection":[{"href":"https:\/\/egiarecords.com\/eu\/wp-json\/wp\/v2\/product"}],"about":[{"href":"https:\/\/egiarecords.com\/eu\/wp-json\/wp\/v2\/types\/product"}],"wp:featuredmedia":[{"embeddable":true,"href":"https:\/\/egiarecords.com\/eu\/wp-json\/wp\/v2\/media\/6673"}],"wp:attachment":[{"href":"https:\/\/egiarecords.com\/eu\/wp-json\/wp\/v2\/media?parent=6671"}],"wp:term":[{"taxonomy":"product_brand","embeddable":true,"href":"https:\/\/egiarecords.com\/eu\/wp-json\/wp\/v2\/product_brand?post=6671"},{"taxonomy":"product_cat","embeddable":true,"href":"https:\/\/egiarecords.com\/eu\/wp-json\/wp\/v2\/product_cat?post=6671"},{"taxonomy":"product_tag","embeddable":true,"href":"https:\/\/egiarecords.com\/eu\/wp-json\/wp\/v2\/product_tag?post=6671"},{"taxonomy":"sello","embeddable":true,"href":"https:\/\/egiarecords.com\/eu\/wp-json\/wp\/v2\/sello?post=6671"},{"taxonomy":"artista","embeddable":true,"href":"https:\/\/egiarecords.com\/eu\/wp-json\/wp\/v2\/artista?post=6671"}],"curies":[{"name":"wp","href":"https:\/\/api.w.org\/{rel}","templated":true}]}}