{"id":6646,"date":"2026-04-30T13:04:04","date_gmt":"2026-04-30T11:04:04","guid":{"rendered":"https:\/\/egiarecords.com\/?post_type=product&#038;p=6646"},"modified":"2026-04-30T22:43:45","modified_gmt":"2026-04-30T20:43:45","slug":"barry-cant-swim-latenighttales","status":"publish","type":"product","link":"https:\/\/egiarecords.com\/eu\/denda\/barry-cant-swim-latenighttales\/","title":{"rendered":"Barry Can&#8217;t Swim &#8211; LateNightTales (online only)"},"content":{"rendered":"<p>Barry Can\u2019t Swim \u2014uno de los artistas electr\u00f3nicos m\u00e1s interesantes del mundo\u2014 es el \u00faltimo artista en encargarse de la selecci\u00f3n de una recopilaci\u00f3n de Late Night Tales. Este lanzamiento supone la primera recopilaci\u00f3n de Late Night Tales en m\u00e1s de cinco a\u00f1os y marca el inicio del 25.\u00ba aniversario de la serie. Esta recopilaci\u00f3n de 20 temas muestra los amplios gustos e influencias musicales de Barry, perfectos tanto para la pista de baile como para escuchar fuera de ella. Desde cl\u00e1sicos del house como \u00abPower of Suggestion\u00bb de Lance DeSardi y el remix de Daniel Avery de Factory Floor, hasta los ritmos abstractos de Freddie Da Stupid o la interpretaci\u00f3n poco convencional de Ronald Langestraat del \u00e9xito de los 70 de Boz Scaggs, \u00abLowdown\u00bb. Por otra parte, selecciones atmosf\u00e9ricas y ricas en emoci\u00f3n, como \u00abThe Lacemaker\u00bb de This Mortal Coil y la delicadamente bella \u00abAnnabi\u00bb de Magic Spirit Quartet, profundizan en el arco narrativo de la recopilaci\u00f3n. Barry tambi\u00e9n comparte una remezcla exclusiva del tema poco conocido de Felt de 1986, \u00abFerdinand Magellan\u00bb, junto con una edici\u00f3n de \u00abYves\u00bb de Superpitcher, haciendo un gui\u00f1o a la cl\u00e1sica tradici\u00f3n de Late Night Tales de reinterpretaciones a medida. Tambi\u00e9n aparece material in\u00e9dito suyo: \u00abSometimes I Feel So Alone\u00bb, escrita originalmente para su \u00e1lbum debut, y el single principal \u00abChala (My Soul Is On A Loop)\u00bb, publicado hoy en Ninja Tune \/ Late Night Tales. Tambi\u00e9n escuchamos temas exclusivos del productor O\u2019Flynn, uno de los amigos m\u00e1s cercanos de Barry, y el tema de cierre \u00abUltrasound (Exclusive Spoken Word)\u00bb del poeta y colaborador de toda la vida Seamus, que participa en el \u00e1lbum Loner de Barry.<\/p>\n","protected":false},"excerpt":{"rendered":"<p>Barry Can\u2019t Swim \u2014uno de los artistas electr\u00f3nicos m\u00e1s interesantes del mundo\u2014 es el \u00faltimo artista en encargarse de la selecci\u00f3n de una recopilaci\u00f3n de Late Night Tales. Este lanzamiento supone la primera recopilaci\u00f3n de Late Night Tales en m\u00e1s de cinco a\u00f1os y marca el inicio del 25.\u00ba aniversario de la serie. Esta recopilaci\u00f3n [&hellip;]<\/p>\n","protected":false},"featured_media":6650,"template":"","meta":[],"product_brand":[],"product_cat":[689],"product_tag":[],"sello":[1825],"artista":[1824],"class_list":{"0":"post-6646","1":"product","2":"type-product","3":"status-publish","4":"has-post-thumbnail","6":"product_cat-vinilos","7":"sello-latenighttales","8":"artista-barry-cant-swim","9":"fecha-1302","10":"estilo-ambient","11":"estilo-downtempo","12":"estilo-house","13":"estilo-leftfield","15":"first","16":"instock","17":"taxable","18":"shipping-taxable","19":"purchasable","20":"product-type-simple"},"_links":{"self":[{"href":"https:\/\/egiarecords.com\/eu\/wp-json\/wp\/v2\/product\/6646","targetHints":{"allow":["GET"]}}],"collection":[{"href":"https:\/\/egiarecords.com\/eu\/wp-json\/wp\/v2\/product"}],"about":[{"href":"https:\/\/egiarecords.com\/eu\/wp-json\/wp\/v2\/types\/product"}],"wp:featuredmedia":[{"embeddable":true,"href":"https:\/\/egiarecords.com\/eu\/wp-json\/wp\/v2\/media\/6650"}],"wp:attachment":[{"href":"https:\/\/egiarecords.com\/eu\/wp-json\/wp\/v2\/media?parent=6646"}],"wp:term":[{"taxonomy":"product_brand","embeddable":true,"href":"https:\/\/egiarecords.com\/eu\/wp-json\/wp\/v2\/product_brand?post=6646"},{"taxonomy":"product_cat","embeddable":true,"href":"https:\/\/egiarecords.com\/eu\/wp-json\/wp\/v2\/product_cat?post=6646"},{"taxonomy":"product_tag","embeddable":true,"href":"https:\/\/egiarecords.com\/eu\/wp-json\/wp\/v2\/product_tag?post=6646"},{"taxonomy":"sello","embeddable":true,"href":"https:\/\/egiarecords.com\/eu\/wp-json\/wp\/v2\/sello?post=6646"},{"taxonomy":"artista","embeddable":true,"href":"https:\/\/egiarecords.com\/eu\/wp-json\/wp\/v2\/artista?post=6646"}],"curies":[{"name":"wp","href":"https:\/\/api.w.org\/{rel}","templated":true}]}}