{"id":6641,"date":"2026-04-28T19:50:46","date_gmt":"2026-04-28T17:50:46","guid":{"rendered":"https:\/\/egiarecords.com\/?post_type=product&#038;p=6641"},"modified":"2026-04-28T20:30:07","modified_gmt":"2026-04-28T18:30:07","slug":"billy-idol-the-very-best-of-billy-idol-idolize-yourself","status":"publish","type":"product","link":"https:\/\/egiarecords.com\/eu\/denda\/billy-idol-the-very-best-of-billy-idol-idolize-yourself\/","title":{"rendered":"Billy Idol &#8211; The Very Best Of Billy Idol: Idolize Yourself"},"content":{"rendered":"<p>Es un recorrido electrizante por la carrera de un artista que supo unir la actitud rebelde del punk con la ambici\u00f3n mel\u00f3dica del pop de los 80, convirti\u00e9ndose en una superestrella global.<\/p>\n","protected":false},"excerpt":{"rendered":"<p>Es un recorrido electrizante por la carrera de un artista que supo unir la actitud rebelde del punk con la ambici\u00f3n mel\u00f3dica del pop de los 80, convirti\u00e9ndose en una superestrella global.<\/p>\n","protected":false},"featured_media":6643,"template":"","meta":[],"product_brand":[],"product_cat":[689],"product_tag":[],"sello":[844,632],"artista":[1823],"class_list":{"0":"post-6641","1":"product","2":"type-product","3":"status-publish","4":"has-post-thumbnail","6":"product_cat-vinilos","7":"sello-capitol-records","8":"sello-universal-music-group","9":"artista-billy-idol","10":"fecha-459","11":"estilo-hard-rock","12":"estilo-pop-rock","13":"estilo-punk","14":"estilo-rock-roll","15":"estilo-synth-pop","17":"first","18":"instock","19":"taxable","20":"shipping-taxable","21":"purchasable","22":"product-type-simple"},"_links":{"self":[{"href":"https:\/\/egiarecords.com\/eu\/wp-json\/wp\/v2\/product\/6641","targetHints":{"allow":["GET"]}}],"collection":[{"href":"https:\/\/egiarecords.com\/eu\/wp-json\/wp\/v2\/product"}],"about":[{"href":"https:\/\/egiarecords.com\/eu\/wp-json\/wp\/v2\/types\/product"}],"wp:featuredmedia":[{"embeddable":true,"href":"https:\/\/egiarecords.com\/eu\/wp-json\/wp\/v2\/media\/6643"}],"wp:attachment":[{"href":"https:\/\/egiarecords.com\/eu\/wp-json\/wp\/v2\/media?parent=6641"}],"wp:term":[{"taxonomy":"product_brand","embeddable":true,"href":"https:\/\/egiarecords.com\/eu\/wp-json\/wp\/v2\/product_brand?post=6641"},{"taxonomy":"product_cat","embeddable":true,"href":"https:\/\/egiarecords.com\/eu\/wp-json\/wp\/v2\/product_cat?post=6641"},{"taxonomy":"product_tag","embeddable":true,"href":"https:\/\/egiarecords.com\/eu\/wp-json\/wp\/v2\/product_tag?post=6641"},{"taxonomy":"sello","embeddable":true,"href":"https:\/\/egiarecords.com\/eu\/wp-json\/wp\/v2\/sello?post=6641"},{"taxonomy":"artista","embeddable":true,"href":"https:\/\/egiarecords.com\/eu\/wp-json\/wp\/v2\/artista?post=6641"}],"curies":[{"name":"wp","href":"https:\/\/api.w.org\/{rel}","templated":true}]}}