{"id":6635,"date":"2026-04-28T12:20:13","date_gmt":"2026-04-28T10:20:13","guid":{"rendered":"https:\/\/egiarecords.com\/?post_type=product&#038;p=6635"},"modified":"2026-04-28T12:20:23","modified_gmt":"2026-04-28T10:20:23","slug":"valeria-castro-rodriguez-el-cuerpo-despues-de-todo","status":"publish","type":"product","link":"https:\/\/egiarecords.com\/eu\/denda\/valeria-castro-rodriguez-el-cuerpo-despues-de-todo\/","title":{"rendered":"Valeria Castro Rodr\u00edguez &#8211; El Cuerpo Despu\u00e9s De Todo"},"content":{"rendered":"<p>Es un \u00e1lbum que nace de la ra\u00edz y la memoria, un ejercicio de honestidad donde Valeria explora la fragilidad, el autocuidado y la herencia familiar con una sensibilidad extraordinaria.<\/p>\n","protected":false},"excerpt":{"rendered":"<p>Es un \u00e1lbum que nace de la ra\u00edz y la memoria, un ejercicio de honestidad donde Valeria explora la fragilidad, el autocuidado y la herencia familiar con una sensibilidad extraordinaria.<\/p>\n","protected":false},"featured_media":6638,"template":"","meta":[],"product_brand":[],"product_cat":[689],"product_tag":[],"sello":[1822],"artista":[1821],"class_list":{"0":"post-6635","1":"product","2":"type-product","3":"status-publish","4":"has-post-thumbnail","6":"product_cat-vinilos","7":"sello-madame-vodevil","8":"artista-valeria-castro-rodriguez","9":"fecha-305","10":"estilo-chanson","12":"first","13":"instock","14":"taxable","15":"shipping-taxable","16":"purchasable","17":"product-type-simple"},"_links":{"self":[{"href":"https:\/\/egiarecords.com\/eu\/wp-json\/wp\/v2\/product\/6635","targetHints":{"allow":["GET"]}}],"collection":[{"href":"https:\/\/egiarecords.com\/eu\/wp-json\/wp\/v2\/product"}],"about":[{"href":"https:\/\/egiarecords.com\/eu\/wp-json\/wp\/v2\/types\/product"}],"wp:featuredmedia":[{"embeddable":true,"href":"https:\/\/egiarecords.com\/eu\/wp-json\/wp\/v2\/media\/6638"}],"wp:attachment":[{"href":"https:\/\/egiarecords.com\/eu\/wp-json\/wp\/v2\/media?parent=6635"}],"wp:term":[{"taxonomy":"product_brand","embeddable":true,"href":"https:\/\/egiarecords.com\/eu\/wp-json\/wp\/v2\/product_brand?post=6635"},{"taxonomy":"product_cat","embeddable":true,"href":"https:\/\/egiarecords.com\/eu\/wp-json\/wp\/v2\/product_cat?post=6635"},{"taxonomy":"product_tag","embeddable":true,"href":"https:\/\/egiarecords.com\/eu\/wp-json\/wp\/v2\/product_tag?post=6635"},{"taxonomy":"sello","embeddable":true,"href":"https:\/\/egiarecords.com\/eu\/wp-json\/wp\/v2\/sello?post=6635"},{"taxonomy":"artista","embeddable":true,"href":"https:\/\/egiarecords.com\/eu\/wp-json\/wp\/v2\/artista?post=6635"}],"curies":[{"name":"wp","href":"https:\/\/api.w.org\/{rel}","templated":true}]}}