{"id":6629,"date":"2026-04-28T11:56:25","date_gmt":"2026-04-28T09:56:25","guid":{"rendered":"https:\/\/egiarecords.com\/?post_type=product&#038;p=6629"},"modified":"2026-04-28T11:58:02","modified_gmt":"2026-04-28T09:58:02","slug":"la-polla-records-donde-se-habla","status":"publish","type":"product","link":"https:\/\/egiarecords.com\/eu\/denda\/la-polla-records-donde-se-habla\/","title":{"rendered":"La Polla Records &#8211; Donde Se Habla"},"content":{"rendered":"<p>Muestra a una banda m\u00e1s compacta y r\u00edtmica, capaz de meter pinceladas de ska y melod\u00edas pegadizas sin perder ni un \u00e1pice de su agresividad y actitud contestataria<\/p>\n","protected":false},"excerpt":{"rendered":"<p>Muestra a una banda m\u00e1s compacta y r\u00edtmica, capaz de meter pinceladas de ska y melod\u00edas pegadizas sin perder ni un \u00e1pice de su agresividad y actitud contestataria<\/p>\n","protected":false},"featured_media":6631,"template":"","meta":[],"product_brand":[],"product_cat":[689],"product_tag":[],"sello":[506],"artista":[516],"class_list":{"0":"post-6629","1":"product","2":"type-product","3":"status-publish","4":"has-post-thumbnail","6":"product_cat-vinilos","7":"sello-oihuka","8":"artista-la-polla-records","9":"fecha-1302","10":"estilo-punk","12":"first","13":"instock","14":"taxable","15":"shipping-taxable","16":"purchasable","17":"product-type-simple"},"_links":{"self":[{"href":"https:\/\/egiarecords.com\/eu\/wp-json\/wp\/v2\/product\/6629","targetHints":{"allow":["GET"]}}],"collection":[{"href":"https:\/\/egiarecords.com\/eu\/wp-json\/wp\/v2\/product"}],"about":[{"href":"https:\/\/egiarecords.com\/eu\/wp-json\/wp\/v2\/types\/product"}],"wp:featuredmedia":[{"embeddable":true,"href":"https:\/\/egiarecords.com\/eu\/wp-json\/wp\/v2\/media\/6631"}],"wp:attachment":[{"href":"https:\/\/egiarecords.com\/eu\/wp-json\/wp\/v2\/media?parent=6629"}],"wp:term":[{"taxonomy":"product_brand","embeddable":true,"href":"https:\/\/egiarecords.com\/eu\/wp-json\/wp\/v2\/product_brand?post=6629"},{"taxonomy":"product_cat","embeddable":true,"href":"https:\/\/egiarecords.com\/eu\/wp-json\/wp\/v2\/product_cat?post=6629"},{"taxonomy":"product_tag","embeddable":true,"href":"https:\/\/egiarecords.com\/eu\/wp-json\/wp\/v2\/product_tag?post=6629"},{"taxonomy":"sello","embeddable":true,"href":"https:\/\/egiarecords.com\/eu\/wp-json\/wp\/v2\/sello?post=6629"},{"taxonomy":"artista","embeddable":true,"href":"https:\/\/egiarecords.com\/eu\/wp-json\/wp\/v2\/artista?post=6629"}],"curies":[{"name":"wp","href":"https:\/\/api.w.org\/{rel}","templated":true}]}}