{"id":6618,"date":"2026-04-27T17:09:50","date_gmt":"2026-04-27T15:09:50","guid":{"rendered":"https:\/\/egiarecords.com\/?post_type=product&#038;p=6618"},"modified":"2026-04-28T19:32:04","modified_gmt":"2026-04-28T17:32:04","slug":"rodrigo-cuevas-manual-de-belleza","status":"publish","type":"product","link":"https:\/\/egiarecords.com\/eu\/denda\/rodrigo-cuevas-manual-de-belleza\/","title":{"rendered":"Rodrigo Cuevas &#8211; Manual de Belleza"},"content":{"rendered":"<p>Es una celebraci\u00f3n hedonista y pol\u00edtica de lo rural, que transforma la tradici\u00f3n en una fiesta de libertad, diversidad y orgullo identitario.<\/p>\n","protected":false},"excerpt":{"rendered":"<p>Es una celebraci\u00f3n hedonista y pol\u00edtica de lo rural, que transforma la tradici\u00f3n en una fiesta de libertad, diversidad y orgullo identitario.<\/p>\n","protected":false},"featured_media":6621,"template":"","meta":[],"product_brand":[],"product_cat":[689],"product_tag":[],"sello":[33],"artista":[1820],"class_list":{"0":"post-6618","1":"product","2":"type-product","3":"status-publish","4":"has-post-thumbnail","6":"product_cat-vinilos","7":"sello-sony-music","8":"artista-rodrigo-cuevas","9":"fecha-1302","10":"estilo-experimental","12":"first","13":"outofstock","14":"taxable","15":"shipping-taxable","16":"purchasable","17":"product-type-simple"},"_links":{"self":[{"href":"https:\/\/egiarecords.com\/eu\/wp-json\/wp\/v2\/product\/6618","targetHints":{"allow":["GET"]}}],"collection":[{"href":"https:\/\/egiarecords.com\/eu\/wp-json\/wp\/v2\/product"}],"about":[{"href":"https:\/\/egiarecords.com\/eu\/wp-json\/wp\/v2\/types\/product"}],"wp:featuredmedia":[{"embeddable":true,"href":"https:\/\/egiarecords.com\/eu\/wp-json\/wp\/v2\/media\/6621"}],"wp:attachment":[{"href":"https:\/\/egiarecords.com\/eu\/wp-json\/wp\/v2\/media?parent=6618"}],"wp:term":[{"taxonomy":"product_brand","embeddable":true,"href":"https:\/\/egiarecords.com\/eu\/wp-json\/wp\/v2\/product_brand?post=6618"},{"taxonomy":"product_cat","embeddable":true,"href":"https:\/\/egiarecords.com\/eu\/wp-json\/wp\/v2\/product_cat?post=6618"},{"taxonomy":"product_tag","embeddable":true,"href":"https:\/\/egiarecords.com\/eu\/wp-json\/wp\/v2\/product_tag?post=6618"},{"taxonomy":"sello","embeddable":true,"href":"https:\/\/egiarecords.com\/eu\/wp-json\/wp\/v2\/sello?post=6618"},{"taxonomy":"artista","embeddable":true,"href":"https:\/\/egiarecords.com\/eu\/wp-json\/wp\/v2\/artista?post=6618"}],"curies":[{"name":"wp","href":"https:\/\/api.w.org\/{rel}","templated":true}]}}