{"id":6614,"date":"2026-04-27T17:02:22","date_gmt":"2026-04-27T15:02:22","guid":{"rendered":"https:\/\/egiarecords.com\/?post_type=product&#038;p=6614"},"modified":"2026-04-27T17:03:01","modified_gmt":"2026-04-27T15:03:01","slug":"pink-floyd-wish-you-were-here","status":"publish","type":"product","link":"https:\/\/egiarecords.com\/eu\/denda\/pink-floyd-wish-you-were-here\/","title":{"rendered":"Pink Floyd &#8211; Wish You Were Here"},"content":{"rendered":"<p>Considerado por muchos (incluyendo a los propios miembros de la banda) como su mejor trabajo, el \u00e1lbum se ha convertido en un pilar del rock progresivo cuya vigencia emocional sigue intacta d\u00e9cadas despu\u00e9s.<\/p>\n","protected":false},"excerpt":{"rendered":"<p>Considerado por muchos (incluyendo a los propios miembros de la banda) como su mejor trabajo, el \u00e1lbum se ha convertido en un pilar del rock progresivo cuya vigencia emocional sigue intacta d\u00e9cadas despu\u00e9s.<\/p>\n","protected":false},"featured_media":6616,"template":"","meta":[],"product_brand":[],"product_cat":[689],"product_tag":[],"sello":[74,33],"artista":[1120],"class_list":{"0":"post-6614","1":"product","2":"type-product","3":"status-publish","4":"has-post-thumbnail","6":"product_cat-vinilos","7":"sello-columbia","8":"sello-sony-music","9":"artista-pink-floyd","10":"fecha-305","11":"estilo-art-rock","12":"estilo-prog-rock","14":"first","15":"instock","16":"taxable","17":"shipping-taxable","18":"purchasable","19":"product-type-simple"},"_links":{"self":[{"href":"https:\/\/egiarecords.com\/eu\/wp-json\/wp\/v2\/product\/6614","targetHints":{"allow":["GET"]}}],"collection":[{"href":"https:\/\/egiarecords.com\/eu\/wp-json\/wp\/v2\/product"}],"about":[{"href":"https:\/\/egiarecords.com\/eu\/wp-json\/wp\/v2\/types\/product"}],"wp:featuredmedia":[{"embeddable":true,"href":"https:\/\/egiarecords.com\/eu\/wp-json\/wp\/v2\/media\/6616"}],"wp:attachment":[{"href":"https:\/\/egiarecords.com\/eu\/wp-json\/wp\/v2\/media?parent=6614"}],"wp:term":[{"taxonomy":"product_brand","embeddable":true,"href":"https:\/\/egiarecords.com\/eu\/wp-json\/wp\/v2\/product_brand?post=6614"},{"taxonomy":"product_cat","embeddable":true,"href":"https:\/\/egiarecords.com\/eu\/wp-json\/wp\/v2\/product_cat?post=6614"},{"taxonomy":"product_tag","embeddable":true,"href":"https:\/\/egiarecords.com\/eu\/wp-json\/wp\/v2\/product_tag?post=6614"},{"taxonomy":"sello","embeddable":true,"href":"https:\/\/egiarecords.com\/eu\/wp-json\/wp\/v2\/sello?post=6614"},{"taxonomy":"artista","embeddable":true,"href":"https:\/\/egiarecords.com\/eu\/wp-json\/wp\/v2\/artista?post=6614"}],"curies":[{"name":"wp","href":"https:\/\/api.w.org\/{rel}","templated":true}]}}