{"id":6610,"date":"2026-04-27T16:55:25","date_gmt":"2026-04-27T14:55:25","guid":{"rendered":"https:\/\/egiarecords.com\/?post_type=product&#038;p=6610"},"modified":"2026-04-27T16:55:58","modified_gmt":"2026-04-27T14:55:58","slug":"sampha-lahai","status":"publish","type":"product","link":"https:\/\/egiarecords.com\/eu\/denda\/sampha-lahai\/","title":{"rendered":"Sampha &#8211; Lahai"},"content":{"rendered":"<p data-path-to-node=\"2,0,0\">Nombrado en honor a su abuelo, el \u00e1lbum es una exploraci\u00f3n espiritual sobre la conexi\u00f3n generacional, la paternidad y nuestra relaci\u00f3n con el tiempo y el espacio.<\/p>\n<p data-path-to-node=\"2,1,0\">Es una mezcla exquisita de soul, jazz, ritmos de \u00c1frica occidental y electr\u00f3nica delicada, donde el piano de Sampha y su voz fragmentada crean texturas que parecen flotar.<\/p>\n<p data-path-to-node=\"2,2,0\">Con este trabajo, Sampha se confirma como uno de los arquitectos sonoros m\u00e1s singulares de su generaci\u00f3n, ofreciendo una experiencia auditiva sanadora que trasciende los g\u00e9neros convencionales.<\/p>\n","protected":false},"excerpt":{"rendered":"<p>Nombrado en honor a su abuelo, el \u00e1lbum es una exploraci\u00f3n espiritual sobre la conexi\u00f3n generacional, la paternidad y nuestra relaci\u00f3n con el tiempo y el espacio. Es una mezcla exquisita de soul, jazz, ritmos de \u00c1frica occidental y electr\u00f3nica delicada, donde el piano de Sampha y su voz fragmentada crean texturas que parecen flotar. [&hellip;]<\/p>\n","protected":false},"featured_media":6612,"template":"","meta":[],"product_brand":[],"product_cat":[689],"product_tag":[],"sello":[466],"artista":[1150],"class_list":{"0":"post-6610","1":"product","2":"type-product","3":"status-publish","4":"has-post-thumbnail","6":"product_cat-vinilos","7":"sello-young","8":"artista-sampha","9":"fecha-306","10":"estilo-contemporary-rb","11":"estilo-soul","13":"first","14":"instock","15":"taxable","16":"shipping-taxable","17":"purchasable","18":"product-type-simple"},"_links":{"self":[{"href":"https:\/\/egiarecords.com\/eu\/wp-json\/wp\/v2\/product\/6610","targetHints":{"allow":["GET"]}}],"collection":[{"href":"https:\/\/egiarecords.com\/eu\/wp-json\/wp\/v2\/product"}],"about":[{"href":"https:\/\/egiarecords.com\/eu\/wp-json\/wp\/v2\/types\/product"}],"wp:featuredmedia":[{"embeddable":true,"href":"https:\/\/egiarecords.com\/eu\/wp-json\/wp\/v2\/media\/6612"}],"wp:attachment":[{"href":"https:\/\/egiarecords.com\/eu\/wp-json\/wp\/v2\/media?parent=6610"}],"wp:term":[{"taxonomy":"product_brand","embeddable":true,"href":"https:\/\/egiarecords.com\/eu\/wp-json\/wp\/v2\/product_brand?post=6610"},{"taxonomy":"product_cat","embeddable":true,"href":"https:\/\/egiarecords.com\/eu\/wp-json\/wp\/v2\/product_cat?post=6610"},{"taxonomy":"product_tag","embeddable":true,"href":"https:\/\/egiarecords.com\/eu\/wp-json\/wp\/v2\/product_tag?post=6610"},{"taxonomy":"sello","embeddable":true,"href":"https:\/\/egiarecords.com\/eu\/wp-json\/wp\/v2\/sello?post=6610"},{"taxonomy":"artista","embeddable":true,"href":"https:\/\/egiarecords.com\/eu\/wp-json\/wp\/v2\/artista?post=6610"}],"curies":[{"name":"wp","href":"https:\/\/api.w.org\/{rel}","templated":true}]}}