{"id":6604,"date":"2026-04-27T16:50:42","date_gmt":"2026-04-27T14:50:42","guid":{"rendered":"https:\/\/egiarecords.com\/?post_type=product&#038;p=6604"},"modified":"2026-04-27T16:50:55","modified_gmt":"2026-04-27T14:50:55","slug":"bruce-springsteen-nebraska","status":"publish","type":"product","link":"https:\/\/egiarecords.com\/eu\/denda\/bruce-springsteen-nebraska\/","title":{"rendered":"Bruce Springsteen &#8211; Nebraska"},"content":{"rendered":"<p>Este trabajo se convirti\u00f3 en un faro para el rock alternativo y el lo-fi, demostrando que la verdadera fuerza de una canci\u00f3n reside en su historia y en la emoci\u00f3n pura de quien la interpreta<\/p>\n","protected":false},"excerpt":{"rendered":"<p>Este trabajo se convirti\u00f3 en un faro para el rock alternativo y el lo-fi, demostrando que la verdadera fuerza de una canci\u00f3n reside en su historia y en la emoci\u00f3n pura de quien la interpreta<\/p>\n","protected":false},"featured_media":6606,"template":"","meta":[],"product_brand":[],"product_cat":[689],"product_tag":[],"sello":[74],"artista":[889],"class_list":{"0":"post-6604","1":"product","2":"type-product","3":"status-publish","4":"has-post-thumbnail","6":"product_cat-vinilos","7":"sello-columbia","8":"artista-bruce-springsteen","9":"fecha-356","10":"estilo-acoustic","12":"first","13":"instock","14":"taxable","15":"shipping-taxable","16":"purchasable","17":"product-type-simple"},"_links":{"self":[{"href":"https:\/\/egiarecords.com\/eu\/wp-json\/wp\/v2\/product\/6604","targetHints":{"allow":["GET"]}}],"collection":[{"href":"https:\/\/egiarecords.com\/eu\/wp-json\/wp\/v2\/product"}],"about":[{"href":"https:\/\/egiarecords.com\/eu\/wp-json\/wp\/v2\/types\/product"}],"wp:featuredmedia":[{"embeddable":true,"href":"https:\/\/egiarecords.com\/eu\/wp-json\/wp\/v2\/media\/6606"}],"wp:attachment":[{"href":"https:\/\/egiarecords.com\/eu\/wp-json\/wp\/v2\/media?parent=6604"}],"wp:term":[{"taxonomy":"product_brand","embeddable":true,"href":"https:\/\/egiarecords.com\/eu\/wp-json\/wp\/v2\/product_brand?post=6604"},{"taxonomy":"product_cat","embeddable":true,"href":"https:\/\/egiarecords.com\/eu\/wp-json\/wp\/v2\/product_cat?post=6604"},{"taxonomy":"product_tag","embeddable":true,"href":"https:\/\/egiarecords.com\/eu\/wp-json\/wp\/v2\/product_tag?post=6604"},{"taxonomy":"sello","embeddable":true,"href":"https:\/\/egiarecords.com\/eu\/wp-json\/wp\/v2\/sello?post=6604"},{"taxonomy":"artista","embeddable":true,"href":"https:\/\/egiarecords.com\/eu\/wp-json\/wp\/v2\/artista?post=6604"}],"curies":[{"name":"wp","href":"https:\/\/api.w.org\/{rel}","templated":true}]}}