{"id":6600,"date":"2026-04-27T16:41:17","date_gmt":"2026-04-27T14:41:17","guid":{"rendered":"https:\/\/egiarecords.com\/?post_type=product&#038;p=6600"},"modified":"2026-04-27T16:41:26","modified_gmt":"2026-04-27T14:41:26","slug":"heroes-del-silencio-senderos-de-traicion","status":"publish","type":"product","link":"https:\/\/egiarecords.com\/eu\/denda\/heroes-del-silencio-senderos-de-traicion\/","title":{"rendered":"H\u00e9roes Del Silencio &#8211; Senderos De Traici\u00f3n"},"content":{"rendered":"<p>Con la producci\u00f3n de Phil Manzanera, el \u00e1lbum alcanz\u00f3 una profundidad s\u00f3nica impresionante, donde las guitarras envolventes de Juan Valdivia y la voz bar\u00edtona de Bunbury crearon una atm\u00f3sfera \u00fanica de rock g\u00f3tico y alternativo<\/p>\n","protected":false},"excerpt":{"rendered":"<p>Con la producci\u00f3n de Phil Manzanera, el \u00e1lbum alcanz\u00f3 una profundidad s\u00f3nica impresionante, donde las guitarras envolventes de Juan Valdivia y la voz bar\u00edtona de Bunbury crearon una atm\u00f3sfera \u00fanica de rock g\u00f3tico y alternativo<\/p>\n","protected":false},"featured_media":6603,"template":"","meta":[],"product_brand":[],"product_cat":[689],"product_tag":[],"sello":[400],"artista":[1819],"class_list":{"0":"post-6600","1":"product","2":"type-product","3":"status-publish","4":"has-post-thumbnail","6":"product_cat-vinilos","7":"sello-parlophone","8":"artista-heroes-del-silencio","9":"fecha-334","10":"estilo-hard-rock","12":"first","13":"instock","14":"taxable","15":"shipping-taxable","16":"purchasable","17":"product-type-simple"},"_links":{"self":[{"href":"https:\/\/egiarecords.com\/eu\/wp-json\/wp\/v2\/product\/6600","targetHints":{"allow":["GET"]}}],"collection":[{"href":"https:\/\/egiarecords.com\/eu\/wp-json\/wp\/v2\/product"}],"about":[{"href":"https:\/\/egiarecords.com\/eu\/wp-json\/wp\/v2\/types\/product"}],"wp:featuredmedia":[{"embeddable":true,"href":"https:\/\/egiarecords.com\/eu\/wp-json\/wp\/v2\/media\/6603"}],"wp:attachment":[{"href":"https:\/\/egiarecords.com\/eu\/wp-json\/wp\/v2\/media?parent=6600"}],"wp:term":[{"taxonomy":"product_brand","embeddable":true,"href":"https:\/\/egiarecords.com\/eu\/wp-json\/wp\/v2\/product_brand?post=6600"},{"taxonomy":"product_cat","embeddable":true,"href":"https:\/\/egiarecords.com\/eu\/wp-json\/wp\/v2\/product_cat?post=6600"},{"taxonomy":"product_tag","embeddable":true,"href":"https:\/\/egiarecords.com\/eu\/wp-json\/wp\/v2\/product_tag?post=6600"},{"taxonomy":"sello","embeddable":true,"href":"https:\/\/egiarecords.com\/eu\/wp-json\/wp\/v2\/sello?post=6600"},{"taxonomy":"artista","embeddable":true,"href":"https:\/\/egiarecords.com\/eu\/wp-json\/wp\/v2\/artista?post=6600"}],"curies":[{"name":"wp","href":"https:\/\/api.w.org\/{rel}","templated":true}]}}