{"id":6596,"date":"2026-04-27T16:35:11","date_gmt":"2026-04-27T14:35:11","guid":{"rendered":"https:\/\/egiarecords.com\/?post_type=product&#038;p=6596"},"modified":"2026-04-27T16:35:20","modified_gmt":"2026-04-27T14:35:20","slug":"soda-stereo-dynamo","status":"publish","type":"product","link":"https:\/\/egiarecords.com\/eu\/denda\/soda-stereo-dynamo\/","title":{"rendered":"Soda Stereo &#8211; Dynamo"},"content":{"rendered":"<p>Influenciado por el <i data-path-to-node=\"2,1,0\" data-index-in-node=\"35\">shoegaze<\/i> y el <i data-path-to-node=\"2,1,0\" data-index-in-node=\"49\">dream pop<\/i> brit\u00e1nico, el \u00e1lbum es una pared de sonido llena de texturas hipn\u00f3ticas, capas de guitarras distorsionadas y ritmos electr\u00f3nicos que eran puro futuro en 1992<\/p>\n<p>copia 1139 de 2000<\/p>\n","protected":false},"excerpt":{"rendered":"<p>Influenciado por el shoegaze y el dream pop brit\u00e1nico, el \u00e1lbum es una pared de sonido llena de texturas hipn\u00f3ticas, capas de guitarras distorsionadas y ritmos electr\u00f3nicos que eran puro futuro en 1992 copia 1139 de 2000<\/p>\n","protected":false},"featured_media":6598,"template":"","meta":[],"product_brand":[],"product_cat":[689],"product_tag":[],"sello":[835,33],"artista":[1596],"class_list":{"0":"post-6596","1":"product","2":"type-product","3":"status-publish","4":"has-post-thumbnail","6":"product_cat-vinilos","7":"sello-music-on-vinyl","8":"sello-sony-music","9":"artista-soda-stereo","10":"fecha-1302","11":"estilo-new-wave","12":"estilo-shoegaze","14":"first","15":"instock","16":"taxable","17":"shipping-taxable","18":"purchasable","19":"product-type-simple"},"_links":{"self":[{"href":"https:\/\/egiarecords.com\/eu\/wp-json\/wp\/v2\/product\/6596","targetHints":{"allow":["GET"]}}],"collection":[{"href":"https:\/\/egiarecords.com\/eu\/wp-json\/wp\/v2\/product"}],"about":[{"href":"https:\/\/egiarecords.com\/eu\/wp-json\/wp\/v2\/types\/product"}],"wp:featuredmedia":[{"embeddable":true,"href":"https:\/\/egiarecords.com\/eu\/wp-json\/wp\/v2\/media\/6598"}],"wp:attachment":[{"href":"https:\/\/egiarecords.com\/eu\/wp-json\/wp\/v2\/media?parent=6596"}],"wp:term":[{"taxonomy":"product_brand","embeddable":true,"href":"https:\/\/egiarecords.com\/eu\/wp-json\/wp\/v2\/product_brand?post=6596"},{"taxonomy":"product_cat","embeddable":true,"href":"https:\/\/egiarecords.com\/eu\/wp-json\/wp\/v2\/product_cat?post=6596"},{"taxonomy":"product_tag","embeddable":true,"href":"https:\/\/egiarecords.com\/eu\/wp-json\/wp\/v2\/product_tag?post=6596"},{"taxonomy":"sello","embeddable":true,"href":"https:\/\/egiarecords.com\/eu\/wp-json\/wp\/v2\/sello?post=6596"},{"taxonomy":"artista","embeddable":true,"href":"https:\/\/egiarecords.com\/eu\/wp-json\/wp\/v2\/artista?post=6596"}],"curies":[{"name":"wp","href":"https:\/\/api.w.org\/{rel}","templated":true}]}}