{"id":6577,"date":"2026-04-26T08:09:02","date_gmt":"2026-04-26T06:09:02","guid":{"rendered":"https:\/\/egiarecords.com\/?post_type=product&#038;p=6577"},"modified":"2026-04-28T12:03:55","modified_gmt":"2026-04-28T10:03:55","slug":"nina-polaca-donde-esta-la-onu-cuando-mas-la-necesitas","status":"publish","type":"product","link":"https:\/\/egiarecords.com\/eu\/denda\/nina-polaca-donde-esta-la-onu-cuando-mas-la-necesitas\/","title":{"rendered":"Ni\u00f1a Polaca &#8211; \u00bfD\u00f3nde est\u00e1 la ONU cuando m\u00e1s la necesitas?"},"content":{"rendered":"<p>Con este trabajo, la banda se ha establecido como uno de los pilares del nuevo rock espa\u00f1ol, logrando que sus canciones se conviertan en himnos para una generaci\u00f3n que se siente a la deriva<\/p>\n","protected":false},"excerpt":{"rendered":"<p>Con este trabajo, la banda se ha establecido como uno de los pilares del nuevo rock espa\u00f1ol, logrando que sus canciones se conviertan en himnos para una generaci\u00f3n que se siente a la deriva<\/p>\n","protected":false},"featured_media":6580,"template":"","meta":[],"product_brand":[],"product_cat":[689],"product_tag":[],"sello":[93],"artista":[1097],"class_list":{"0":"post-6577","1":"product","2":"type-product","3":"status-publish","4":"has-post-thumbnail","6":"product_cat-vinilos","7":"sello-subterfuge-records","8":"artista-nina-polaca","9":"fecha-1302","10":"estilo-indie-rock","12":"first","13":"instock","14":"taxable","15":"shipping-taxable","16":"purchasable","17":"product-type-simple"},"_links":{"self":[{"href":"https:\/\/egiarecords.com\/eu\/wp-json\/wp\/v2\/product\/6577","targetHints":{"allow":["GET"]}}],"collection":[{"href":"https:\/\/egiarecords.com\/eu\/wp-json\/wp\/v2\/product"}],"about":[{"href":"https:\/\/egiarecords.com\/eu\/wp-json\/wp\/v2\/types\/product"}],"wp:featuredmedia":[{"embeddable":true,"href":"https:\/\/egiarecords.com\/eu\/wp-json\/wp\/v2\/media\/6580"}],"wp:attachment":[{"href":"https:\/\/egiarecords.com\/eu\/wp-json\/wp\/v2\/media?parent=6577"}],"wp:term":[{"taxonomy":"product_brand","embeddable":true,"href":"https:\/\/egiarecords.com\/eu\/wp-json\/wp\/v2\/product_brand?post=6577"},{"taxonomy":"product_cat","embeddable":true,"href":"https:\/\/egiarecords.com\/eu\/wp-json\/wp\/v2\/product_cat?post=6577"},{"taxonomy":"product_tag","embeddable":true,"href":"https:\/\/egiarecords.com\/eu\/wp-json\/wp\/v2\/product_tag?post=6577"},{"taxonomy":"sello","embeddable":true,"href":"https:\/\/egiarecords.com\/eu\/wp-json\/wp\/v2\/sello?post=6577"},{"taxonomy":"artista","embeddable":true,"href":"https:\/\/egiarecords.com\/eu\/wp-json\/wp\/v2\/artista?post=6577"}],"curies":[{"name":"wp","href":"https:\/\/api.w.org\/{rel}","templated":true}]}}