{"id":6563,"date":"2026-04-25T16:52:47","date_gmt":"2026-04-25T14:52:47","guid":{"rendered":"https:\/\/egiarecords.com\/?post_type=product&#038;p=6563"},"modified":"2026-04-25T17:11:00","modified_gmt":"2026-04-25T15:11:00","slug":"hit-boy-the-alchemist-goldfish","status":"publish","type":"product","link":"https:\/\/egiarecords.com\/eu\/denda\/hit-boy-the-alchemist-goldfish\/","title":{"rendered":"HIT-BOY &#038; The Alchemist &#8211; Goldfish"},"content":{"rendered":"<p>Es un duelo de titanes donde la precisi\u00f3n r\u00edtmica de Hit-Boy se encuentra con la psicodelia oscura de The Alchemist, creando un \u00e1lbum que es, a la vez, un ejercicio de estilo y un nuevo est\u00e1ndar para el g\u00e9nero.<\/p>\n","protected":false},"excerpt":{"rendered":"<p>Es un duelo de titanes donde la precisi\u00f3n r\u00edtmica de Hit-Boy se encuentra con la psicodelia oscura de The Alchemist, creando un \u00e1lbum que es, a la vez, un ejercicio de estilo y un nuevo est\u00e1ndar para el g\u00e9nero.<\/p>\n","protected":false},"featured_media":6566,"template":"","meta":[],"product_brand":[],"product_cat":[689],"product_tag":[],"sello":[933,1654,1816],"artista":[931,1815],"class_list":{"0":"post-6563","1":"product","2":"type-product","3":"status-publish","4":"has-post-thumbnail","6":"product_cat-vinilos","7":"sello-alc-records","8":"sello-empire","9":"sello-surf-club","10":"artista-alchemist","11":"artista-hit-boy","12":"fecha-1302","14":"first","15":"instock","16":"taxable","17":"shipping-taxable","18":"purchasable","19":"product-type-simple"},"_links":{"self":[{"href":"https:\/\/egiarecords.com\/eu\/wp-json\/wp\/v2\/product\/6563","targetHints":{"allow":["GET"]}}],"collection":[{"href":"https:\/\/egiarecords.com\/eu\/wp-json\/wp\/v2\/product"}],"about":[{"href":"https:\/\/egiarecords.com\/eu\/wp-json\/wp\/v2\/types\/product"}],"wp:featuredmedia":[{"embeddable":true,"href":"https:\/\/egiarecords.com\/eu\/wp-json\/wp\/v2\/media\/6566"}],"wp:attachment":[{"href":"https:\/\/egiarecords.com\/eu\/wp-json\/wp\/v2\/media?parent=6563"}],"wp:term":[{"taxonomy":"product_brand","embeddable":true,"href":"https:\/\/egiarecords.com\/eu\/wp-json\/wp\/v2\/product_brand?post=6563"},{"taxonomy":"product_cat","embeddable":true,"href":"https:\/\/egiarecords.com\/eu\/wp-json\/wp\/v2\/product_cat?post=6563"},{"taxonomy":"product_tag","embeddable":true,"href":"https:\/\/egiarecords.com\/eu\/wp-json\/wp\/v2\/product_tag?post=6563"},{"taxonomy":"sello","embeddable":true,"href":"https:\/\/egiarecords.com\/eu\/wp-json\/wp\/v2\/sello?post=6563"},{"taxonomy":"artista","embeddable":true,"href":"https:\/\/egiarecords.com\/eu\/wp-json\/wp\/v2\/artista?post=6563"}],"curies":[{"name":"wp","href":"https:\/\/api.w.org\/{rel}","templated":true}]}}