{"id":6553,"date":"2026-04-25T12:45:57","date_gmt":"2026-04-25T10:45:57","guid":{"rendered":"https:\/\/egiarecords.com\/?post_type=product&#038;p=6553"},"modified":"2026-04-25T12:46:08","modified_gmt":"2026-04-25T10:46:08","slug":"mammoth-wvh-the-end","status":"publish","type":"product","link":"https:\/\/egiarecords.com\/eu\/denda\/mammoth-wvh-the-end\/","title":{"rendered":"Mammoth WVH &#8211; The End"},"content":{"rendered":"<p>El disco equilibra perfectamente la fuerza del hard rock contempor\u00e1neo con ganchos mel\u00f3dicos muy pegadizos, todo ello respaldado por una producci\u00f3n densa y solos de guitarra que rinden homenaje al legado familiar pero con una identidad propia del siglo XXI<\/p>\n","protected":false},"excerpt":{"rendered":"<p>El disco equilibra perfectamente la fuerza del hard rock contempor\u00e1neo con ganchos mel\u00f3dicos muy pegadizos, todo ello respaldado por una producci\u00f3n densa y solos de guitarra que rinden homenaje al legado familiar pero con una identidad propia del siglo XXI<\/p>\n","protected":false},"featured_media":6556,"template":"","meta":[],"product_brand":[],"product_cat":[689],"product_tag":[],"sello":[571],"artista":[1813],"class_list":{"0":"post-6553","1":"product","2":"type-product","3":"status-publish","4":"has-post-thumbnail","6":"product_cat-vinilos","7":"sello-bmg","8":"artista-mammoth-wvh","9":"fecha-305","10":"estilo-alternative-rock","12":"first","13":"instock","14":"taxable","15":"shipping-taxable","16":"purchasable","17":"product-type-simple"},"_links":{"self":[{"href":"https:\/\/egiarecords.com\/eu\/wp-json\/wp\/v2\/product\/6553","targetHints":{"allow":["GET"]}}],"collection":[{"href":"https:\/\/egiarecords.com\/eu\/wp-json\/wp\/v2\/product"}],"about":[{"href":"https:\/\/egiarecords.com\/eu\/wp-json\/wp\/v2\/types\/product"}],"wp:featuredmedia":[{"embeddable":true,"href":"https:\/\/egiarecords.com\/eu\/wp-json\/wp\/v2\/media\/6556"}],"wp:attachment":[{"href":"https:\/\/egiarecords.com\/eu\/wp-json\/wp\/v2\/media?parent=6553"}],"wp:term":[{"taxonomy":"product_brand","embeddable":true,"href":"https:\/\/egiarecords.com\/eu\/wp-json\/wp\/v2\/product_brand?post=6553"},{"taxonomy":"product_cat","embeddable":true,"href":"https:\/\/egiarecords.com\/eu\/wp-json\/wp\/v2\/product_cat?post=6553"},{"taxonomy":"product_tag","embeddable":true,"href":"https:\/\/egiarecords.com\/eu\/wp-json\/wp\/v2\/product_tag?post=6553"},{"taxonomy":"sello","embeddable":true,"href":"https:\/\/egiarecords.com\/eu\/wp-json\/wp\/v2\/sello?post=6553"},{"taxonomy":"artista","embeddable":true,"href":"https:\/\/egiarecords.com\/eu\/wp-json\/wp\/v2\/artista?post=6553"}],"curies":[{"name":"wp","href":"https:\/\/api.w.org\/{rel}","templated":true}]}}