{"id":6546,"date":"2026-04-25T12:43:52","date_gmt":"2026-04-25T10:43:52","guid":{"rendered":"https:\/\/egiarecords.com\/?post_type=product&#038;p=6546"},"modified":"2026-04-25T12:43:59","modified_gmt":"2026-04-25T10:43:59","slug":"megadeth-megadeth","status":"publish","type":"product","link":"https:\/\/egiarecords.com\/eu\/denda\/megadeth-megadeth\/","title":{"rendered":"Megadeth &#8211; Megadeth"},"content":{"rendered":"<p>El disco es un fest\u00edn de riffs complejos, solos vertiginosos y una secci\u00f3n r\u00edtmica demoledora, todo envuelto en una producci\u00f3n moderna que resalta la agresividad y el virtuosismo t\u00e9cnico de la formaci\u00f3n actual<\/p>\n","protected":false},"excerpt":{"rendered":"<p>El disco es un fest\u00edn de riffs complejos, solos vertiginosos y una secci\u00f3n r\u00edtmica demoledora, todo envuelto en una producci\u00f3n moderna que resalta la agresividad y el virtuosismo t\u00e9cnico de la formaci\u00f3n actual<\/p>\n","protected":false},"featured_media":6551,"template":"","meta":[],"product_brand":[],"product_cat":[689],"product_tag":[],"sello":[1811,1812],"artista":[1810],"class_list":{"0":"post-6546","1":"product","2":"type-product","3":"status-publish","4":"has-post-thumbnail","6":"product_cat-vinilos","7":"sello-blkiiblk-records","8":"sello-tradecraft","9":"artista-megadeth","10":"fecha-1302","11":"estilo-heavy-metal","12":"estilo-thrash","14":"first","15":"instock","16":"taxable","17":"shipping-taxable","18":"purchasable","19":"product-type-simple"},"_links":{"self":[{"href":"https:\/\/egiarecords.com\/eu\/wp-json\/wp\/v2\/product\/6546","targetHints":{"allow":["GET"]}}],"collection":[{"href":"https:\/\/egiarecords.com\/eu\/wp-json\/wp\/v2\/product"}],"about":[{"href":"https:\/\/egiarecords.com\/eu\/wp-json\/wp\/v2\/types\/product"}],"wp:featuredmedia":[{"embeddable":true,"href":"https:\/\/egiarecords.com\/eu\/wp-json\/wp\/v2\/media\/6551"}],"wp:attachment":[{"href":"https:\/\/egiarecords.com\/eu\/wp-json\/wp\/v2\/media?parent=6546"}],"wp:term":[{"taxonomy":"product_brand","embeddable":true,"href":"https:\/\/egiarecords.com\/eu\/wp-json\/wp\/v2\/product_brand?post=6546"},{"taxonomy":"product_cat","embeddable":true,"href":"https:\/\/egiarecords.com\/eu\/wp-json\/wp\/v2\/product_cat?post=6546"},{"taxonomy":"product_tag","embeddable":true,"href":"https:\/\/egiarecords.com\/eu\/wp-json\/wp\/v2\/product_tag?post=6546"},{"taxonomy":"sello","embeddable":true,"href":"https:\/\/egiarecords.com\/eu\/wp-json\/wp\/v2\/sello?post=6546"},{"taxonomy":"artista","embeddable":true,"href":"https:\/\/egiarecords.com\/eu\/wp-json\/wp\/v2\/artista?post=6546"}],"curies":[{"name":"wp","href":"https:\/\/api.w.org\/{rel}","templated":true}]}}