{"id":6541,"date":"2026-04-25T12:07:10","date_gmt":"2026-04-25T10:07:10","guid":{"rendered":"https:\/\/egiarecords.com\/?post_type=product&#038;p=6541"},"modified":"2026-04-25T12:07:22","modified_gmt":"2026-04-25T10:07:22","slug":"sleep-token-even-in-arcadia","status":"publish","type":"product","link":"https:\/\/egiarecords.com\/eu\/denda\/sleep-token-even-in-arcadia\/","title":{"rendered":"Sleep Token &#8211; Even In Arcadia"},"content":{"rendered":"<p>El \u00e1lbum perfecciona su caracter\u00edstica fusi\u00f3n de metal progresivo, pop alternativo y electr\u00f3nica ambiental, creando atm\u00f3sferas inmersivas que estallan en momentos de una pesadez t\u00e9cnica sobrecogedora.<\/p>\n","protected":false},"excerpt":{"rendered":"<p>El \u00e1lbum perfecciona su caracter\u00edstica fusi\u00f3n de metal progresivo, pop alternativo y electr\u00f3nica ambiental, creando atm\u00f3sferas inmersivas que estallan en momentos de una pesadez t\u00e9cnica sobrecogedora.<\/p>\n","protected":false},"featured_media":6544,"template":"","meta":[],"product_brand":[],"product_cat":[689],"product_tag":[],"sello":[79,33],"artista":[1806],"class_list":{"0":"post-6541","1":"product","2":"type-product","3":"status-publish","4":"has-post-thumbnail","6":"product_cat-vinilos","7":"sello-rca","8":"sello-sony-music","9":"artista-sleep-token","10":"fecha-305","11":"estilo-alternative-metal","12":"estilo-britpop","13":"estilo-deathcore","14":"estilo-progressive-metal","15":"estilo-trap","16":"estilo-trip-hop","18":"first","19":"instock","20":"taxable","21":"shipping-taxable","22":"purchasable","23":"product-type-simple"},"_links":{"self":[{"href":"https:\/\/egiarecords.com\/eu\/wp-json\/wp\/v2\/product\/6541","targetHints":{"allow":["GET"]}}],"collection":[{"href":"https:\/\/egiarecords.com\/eu\/wp-json\/wp\/v2\/product"}],"about":[{"href":"https:\/\/egiarecords.com\/eu\/wp-json\/wp\/v2\/types\/product"}],"wp:featuredmedia":[{"embeddable":true,"href":"https:\/\/egiarecords.com\/eu\/wp-json\/wp\/v2\/media\/6544"}],"wp:attachment":[{"href":"https:\/\/egiarecords.com\/eu\/wp-json\/wp\/v2\/media?parent=6541"}],"wp:term":[{"taxonomy":"product_brand","embeddable":true,"href":"https:\/\/egiarecords.com\/eu\/wp-json\/wp\/v2\/product_brand?post=6541"},{"taxonomy":"product_cat","embeddable":true,"href":"https:\/\/egiarecords.com\/eu\/wp-json\/wp\/v2\/product_cat?post=6541"},{"taxonomy":"product_tag","embeddable":true,"href":"https:\/\/egiarecords.com\/eu\/wp-json\/wp\/v2\/product_tag?post=6541"},{"taxonomy":"sello","embeddable":true,"href":"https:\/\/egiarecords.com\/eu\/wp-json\/wp\/v2\/sello?post=6541"},{"taxonomy":"artista","embeddable":true,"href":"https:\/\/egiarecords.com\/eu\/wp-json\/wp\/v2\/artista?post=6541"}],"curies":[{"name":"wp","href":"https:\/\/api.w.org\/{rel}","templated":true}]}}