{"id":6531,"date":"2026-04-25T11:38:07","date_gmt":"2026-04-25T09:38:07","guid":{"rendered":"https:\/\/egiarecords.com\/?post_type=product&#038;p=6531"},"modified":"2026-04-25T12:01:22","modified_gmt":"2026-04-25T10:01:22","slug":"david-bowie-hunky-dory","status":"publish","type":"product","link":"https:\/\/egiarecords.com\/eu\/denda\/david-bowie-hunky-dory\/","title":{"rendered":"David Bowie &#8211; Hunky Dory"},"content":{"rendered":"<p>Incluyendo himnos generacionales como &#8216;Changes&#8217; y la cinematogr\u00e1fica &#8216;Life on Mars?&#8217;, este trabajo consolid\u00f3 a Bowie como el gran visionario que transformar\u00eda la cultura popular para siempre<\/p>\n","protected":false},"excerpt":{"rendered":"<p>Incluyendo himnos generacionales como &#8216;Changes&#8217; y la cinematogr\u00e1fica &#8216;Life on Mars?&#8217;, este trabajo consolid\u00f3 a Bowie como el gran visionario que transformar\u00eda la cultura popular para siempre<\/p>\n","protected":false},"featured_media":6533,"template":"","meta":[],"product_brand":[],"product_cat":[689],"product_tag":[],"sello":[400],"artista":[916],"class_list":{"0":"post-6531","1":"product","2":"type-product","3":"status-publish","4":"has-post-thumbnail","6":"product_cat-vinilos","7":"sello-parlophone","8":"artista-david-bowie","9":"fecha-368","10":"estilo-art-rock","11":"estilo-glam","12":"estilo-pop-rock","14":"first","15":"instock","16":"taxable","17":"shipping-taxable","18":"purchasable","19":"product-type-simple"},"_links":{"self":[{"href":"https:\/\/egiarecords.com\/eu\/wp-json\/wp\/v2\/product\/6531","targetHints":{"allow":["GET"]}}],"collection":[{"href":"https:\/\/egiarecords.com\/eu\/wp-json\/wp\/v2\/product"}],"about":[{"href":"https:\/\/egiarecords.com\/eu\/wp-json\/wp\/v2\/types\/product"}],"wp:featuredmedia":[{"embeddable":true,"href":"https:\/\/egiarecords.com\/eu\/wp-json\/wp\/v2\/media\/6533"}],"wp:attachment":[{"href":"https:\/\/egiarecords.com\/eu\/wp-json\/wp\/v2\/media?parent=6531"}],"wp:term":[{"taxonomy":"product_brand","embeddable":true,"href":"https:\/\/egiarecords.com\/eu\/wp-json\/wp\/v2\/product_brand?post=6531"},{"taxonomy":"product_cat","embeddable":true,"href":"https:\/\/egiarecords.com\/eu\/wp-json\/wp\/v2\/product_cat?post=6531"},{"taxonomy":"product_tag","embeddable":true,"href":"https:\/\/egiarecords.com\/eu\/wp-json\/wp\/v2\/product_tag?post=6531"},{"taxonomy":"sello","embeddable":true,"href":"https:\/\/egiarecords.com\/eu\/wp-json\/wp\/v2\/sello?post=6531"},{"taxonomy":"artista","embeddable":true,"href":"https:\/\/egiarecords.com\/eu\/wp-json\/wp\/v2\/artista?post=6531"}],"curies":[{"name":"wp","href":"https:\/\/api.w.org\/{rel}","templated":true}]}}