{"id":6527,"date":"2026-04-25T11:18:59","date_gmt":"2026-04-25T09:18:59","guid":{"rendered":"https:\/\/egiarecords.com\/?post_type=product&#038;p=6527"},"modified":"2026-04-25T11:19:09","modified_gmt":"2026-04-25T09:19:09","slug":"pj-harvey-to-bring-you-my-love","status":"publish","type":"product","link":"https:\/\/egiarecords.com\/eu\/denda\/pj-harvey-to-bring-you-my-love\/","title":{"rendered":"PJ Harvey &#8211; To Bring You My Love"},"content":{"rendered":"<p>Liderado por el hipn\u00f3tico tema hom\u00f3nimo y la visceral &#8216;Down by the Water&#8217;, este trabajo rompi\u00f3 los esquemas del rock de los 90, demostrando que se pod\u00eda ser vanguardista y masivamente influyente al mismo tiempo.<\/p>\n","protected":false},"excerpt":{"rendered":"<p>Liderado por el hipn\u00f3tico tema hom\u00f3nimo y la visceral &#8216;Down by the Water&#8217;, este trabajo rompi\u00f3 los esquemas del rock de los 90, demostrando que se pod\u00eda ser vanguardista y masivamente influyente al mismo tiempo.<\/p>\n","protected":false},"featured_media":6529,"template":"","meta":[],"product_brand":[],"product_cat":[689],"product_tag":[],"sello":[885],"artista":[1803],"class_list":{"0":"post-6527","1":"product","2":"type-product","3":"status-publish","4":"has-post-thumbnail","6":"product_cat-vinilos","7":"sello-island-records","8":"artista-pj-harvey","9":"fecha-384","10":"estilo-alternative-rock","12":"first","13":"instock","14":"taxable","15":"shipping-taxable","16":"purchasable","17":"product-type-simple"},"_links":{"self":[{"href":"https:\/\/egiarecords.com\/eu\/wp-json\/wp\/v2\/product\/6527","targetHints":{"allow":["GET"]}}],"collection":[{"href":"https:\/\/egiarecords.com\/eu\/wp-json\/wp\/v2\/product"}],"about":[{"href":"https:\/\/egiarecords.com\/eu\/wp-json\/wp\/v2\/types\/product"}],"wp:featuredmedia":[{"embeddable":true,"href":"https:\/\/egiarecords.com\/eu\/wp-json\/wp\/v2\/media\/6529"}],"wp:attachment":[{"href":"https:\/\/egiarecords.com\/eu\/wp-json\/wp\/v2\/media?parent=6527"}],"wp:term":[{"taxonomy":"product_brand","embeddable":true,"href":"https:\/\/egiarecords.com\/eu\/wp-json\/wp\/v2\/product_brand?post=6527"},{"taxonomy":"product_cat","embeddable":true,"href":"https:\/\/egiarecords.com\/eu\/wp-json\/wp\/v2\/product_cat?post=6527"},{"taxonomy":"product_tag","embeddable":true,"href":"https:\/\/egiarecords.com\/eu\/wp-json\/wp\/v2\/product_tag?post=6527"},{"taxonomy":"sello","embeddable":true,"href":"https:\/\/egiarecords.com\/eu\/wp-json\/wp\/v2\/sello?post=6527"},{"taxonomy":"artista","embeddable":true,"href":"https:\/\/egiarecords.com\/eu\/wp-json\/wp\/v2\/artista?post=6527"}],"curies":[{"name":"wp","href":"https:\/\/api.w.org\/{rel}","templated":true}]}}