{"id":6515,"date":"2026-04-25T11:09:59","date_gmt":"2026-04-25T09:09:59","guid":{"rendered":"https:\/\/egiarecords.com\/?post_type=product&#038;p=6515"},"modified":"2026-04-25T11:10:08","modified_gmt":"2026-04-25T09:10:08","slug":"linkin-park-meteora","status":"publish","type":"product","link":"https:\/\/egiarecords.com\/eu\/denda\/linkin-park-meteora\/","title":{"rendered":"Linkin Park &#8211; Meteora"},"content":{"rendered":"<p>Es la continuaci\u00f3n perfecta que demostr\u00f3 que el \u00e9xito de la banda no fue casualidad, profundizando en temas de introspecci\u00f3n, rechazo y lucha interna con una madurez renovada<\/p>\n","protected":false},"excerpt":{"rendered":"<p>Es la continuaci\u00f3n perfecta que demostr\u00f3 que el \u00e9xito de la banda no fue casualidad, profundizando en temas de introspecci\u00f3n, rechazo y lucha interna con una madurez renovada<\/p>\n","protected":false},"featured_media":6517,"template":"","meta":[],"product_brand":[],"product_cat":[689],"product_tag":[],"sello":[932],"artista":[1799],"class_list":{"0":"post-6515","1":"product","2":"type-product","3":"status-publish","4":"has-post-thumbnail","6":"product_cat-vinilos","7":"sello-warner-records","8":"artista-linkin-park","9":"fecha-334","10":"estilo-nu-metal","12":"first","13":"instock","14":"taxable","15":"shipping-taxable","16":"purchasable","17":"product-type-simple"},"_links":{"self":[{"href":"https:\/\/egiarecords.com\/eu\/wp-json\/wp\/v2\/product\/6515","targetHints":{"allow":["GET"]}}],"collection":[{"href":"https:\/\/egiarecords.com\/eu\/wp-json\/wp\/v2\/product"}],"about":[{"href":"https:\/\/egiarecords.com\/eu\/wp-json\/wp\/v2\/types\/product"}],"wp:featuredmedia":[{"embeddable":true,"href":"https:\/\/egiarecords.com\/eu\/wp-json\/wp\/v2\/media\/6517"}],"wp:attachment":[{"href":"https:\/\/egiarecords.com\/eu\/wp-json\/wp\/v2\/media?parent=6515"}],"wp:term":[{"taxonomy":"product_brand","embeddable":true,"href":"https:\/\/egiarecords.com\/eu\/wp-json\/wp\/v2\/product_brand?post=6515"},{"taxonomy":"product_cat","embeddable":true,"href":"https:\/\/egiarecords.com\/eu\/wp-json\/wp\/v2\/product_cat?post=6515"},{"taxonomy":"product_tag","embeddable":true,"href":"https:\/\/egiarecords.com\/eu\/wp-json\/wp\/v2\/product_tag?post=6515"},{"taxonomy":"sello","embeddable":true,"href":"https:\/\/egiarecords.com\/eu\/wp-json\/wp\/v2\/sello?post=6515"},{"taxonomy":"artista","embeddable":true,"href":"https:\/\/egiarecords.com\/eu\/wp-json\/wp\/v2\/artista?post=6515"}],"curies":[{"name":"wp","href":"https:\/\/api.w.org\/{rel}","templated":true}]}}