{"id":6506,"date":"2026-04-25T11:05:42","date_gmt":"2026-04-25T09:05:42","guid":{"rendered":"https:\/\/egiarecords.com\/?post_type=product&#038;p=6506"},"modified":"2026-04-25T11:05:53","modified_gmt":"2026-04-25T09:05:53","slug":"green-day-saviors-edition-de-luxe","status":"publish","type":"product","link":"https:\/\/egiarecords.com\/eu\/denda\/green-day-saviors-edition-de-luxe\/","title":{"rendered":"Green Day &#8211; Saviors (\u00c9dition De Luxe)"},"content":{"rendered":"<p>Con la producci\u00f3n de Rob Cavallo, el disco suena potente y brillante, equilibrando himnos de estadio con melod\u00edas de pop-punk cl\u00e1sico que recuerdan la era de <i data-path-to-node=\"2,1,0\" data-index-in-node=\"174\">Dookie<\/i> y <i data-path-to-node=\"2,1,0\" data-index-in-node=\"183\">American Idiot<\/i><\/p>\n","protected":false},"excerpt":{"rendered":"<p>Con la producci\u00f3n de Rob Cavallo, el disco suena potente y brillante, equilibrando himnos de estadio con melod\u00edas de pop-punk cl\u00e1sico que recuerdan la era de Dookie y American Idiot<\/p>\n","protected":false},"featured_media":6507,"template":"","meta":[],"product_brand":[],"product_cat":[689],"product_tag":[],"sello":[1094],"artista":[1701],"class_list":{"0":"post-6506","1":"product","2":"type-product","3":"status-publish","4":"has-post-thumbnail","6":"product_cat-vinilos","7":"sello-reprise-records","8":"artista-green-day","9":"fecha-305","10":"estilo-alternative-rock","11":"estilo-pop-rock","12":"estilo-punk","14":"first","15":"instock","16":"taxable","17":"shipping-taxable","18":"purchasable","19":"product-type-simple"},"_links":{"self":[{"href":"https:\/\/egiarecords.com\/eu\/wp-json\/wp\/v2\/product\/6506","targetHints":{"allow":["GET"]}}],"collection":[{"href":"https:\/\/egiarecords.com\/eu\/wp-json\/wp\/v2\/product"}],"about":[{"href":"https:\/\/egiarecords.com\/eu\/wp-json\/wp\/v2\/types\/product"}],"wp:featuredmedia":[{"embeddable":true,"href":"https:\/\/egiarecords.com\/eu\/wp-json\/wp\/v2\/media\/6507"}],"wp:attachment":[{"href":"https:\/\/egiarecords.com\/eu\/wp-json\/wp\/v2\/media?parent=6506"}],"wp:term":[{"taxonomy":"product_brand","embeddable":true,"href":"https:\/\/egiarecords.com\/eu\/wp-json\/wp\/v2\/product_brand?post=6506"},{"taxonomy":"product_cat","embeddable":true,"href":"https:\/\/egiarecords.com\/eu\/wp-json\/wp\/v2\/product_cat?post=6506"},{"taxonomy":"product_tag","embeddable":true,"href":"https:\/\/egiarecords.com\/eu\/wp-json\/wp\/v2\/product_tag?post=6506"},{"taxonomy":"sello","embeddable":true,"href":"https:\/\/egiarecords.com\/eu\/wp-json\/wp\/v2\/sello?post=6506"},{"taxonomy":"artista","embeddable":true,"href":"https:\/\/egiarecords.com\/eu\/wp-json\/wp\/v2\/artista?post=6506"}],"curies":[{"name":"wp","href":"https:\/\/api.w.org\/{rel}","templated":true}]}}