{"id":6495,"date":"2026-04-24T19:09:27","date_gmt":"2026-04-24T17:09:27","guid":{"rendered":"https:\/\/egiarecords.com\/?post_type=product&#038;p=6495"},"modified":"2026-04-24T19:12:32","modified_gmt":"2026-04-24T17:12:32","slug":"chvrches-the-bones-of-what-you-believe-10-year-anniversary-special-edition","status":"publish","type":"product","link":"https:\/\/egiarecords.com\/eu\/denda\/chvrches-the-bones-of-what-you-believe-10-year-anniversary-special-edition\/","title":{"rendered":"Chvrches &#8211; The Bones Of What You Believe (10 Year Anniversary Special Edition)"},"content":{"rendered":"<p>Esta edici\u00f3n especial rinde homenaje al debut que catapult\u00f3 al tr\u00edo escoc\u00e9s, reafirmando por qu\u00e9 estas canciones se convirtieron en el himno de una generaci\u00f3n que buscaba un pop inteligente y emocional.<\/p>\n","protected":false},"excerpt":{"rendered":"<p>Esta edici\u00f3n especial rinde homenaje al debut que catapult\u00f3 al tr\u00edo escoc\u00e9s, reafirmando por qu\u00e9 estas canciones se convirtieron en el himno de una generaci\u00f3n que buscaba un pop inteligente y emocional.<\/p>\n","protected":false},"featured_media":6499,"template":"","meta":[],"product_brand":[],"product_cat":[689],"product_tag":[],"sello":[395,1798,1797,1753,1053],"artista":[1796],"class_list":{"0":"post-6495","1":"product","2":"type-product","3":"status-publish","4":"has-post-thumbnail","6":"product_cat-vinilos","7":"sello-emi","8":"sello-glassnote","9":"sello-goodbye-records","10":"sello-universal-music-recordings","11":"sello-vertigo","12":"artista-chvrches","13":"fecha-306","14":"estilo-indie-pop","15":"estilo-synth-pop","17":"first","18":"instock","19":"taxable","20":"shipping-taxable","21":"purchasable","22":"product-type-simple"},"_links":{"self":[{"href":"https:\/\/egiarecords.com\/eu\/wp-json\/wp\/v2\/product\/6495","targetHints":{"allow":["GET"]}}],"collection":[{"href":"https:\/\/egiarecords.com\/eu\/wp-json\/wp\/v2\/product"}],"about":[{"href":"https:\/\/egiarecords.com\/eu\/wp-json\/wp\/v2\/types\/product"}],"wp:featuredmedia":[{"embeddable":true,"href":"https:\/\/egiarecords.com\/eu\/wp-json\/wp\/v2\/media\/6499"}],"wp:attachment":[{"href":"https:\/\/egiarecords.com\/eu\/wp-json\/wp\/v2\/media?parent=6495"}],"wp:term":[{"taxonomy":"product_brand","embeddable":true,"href":"https:\/\/egiarecords.com\/eu\/wp-json\/wp\/v2\/product_brand?post=6495"},{"taxonomy":"product_cat","embeddable":true,"href":"https:\/\/egiarecords.com\/eu\/wp-json\/wp\/v2\/product_cat?post=6495"},{"taxonomy":"product_tag","embeddable":true,"href":"https:\/\/egiarecords.com\/eu\/wp-json\/wp\/v2\/product_tag?post=6495"},{"taxonomy":"sello","embeddable":true,"href":"https:\/\/egiarecords.com\/eu\/wp-json\/wp\/v2\/sello?post=6495"},{"taxonomy":"artista","embeddable":true,"href":"https:\/\/egiarecords.com\/eu\/wp-json\/wp\/v2\/artista?post=6495"}],"curies":[{"name":"wp","href":"https:\/\/api.w.org\/{rel}","templated":true}]}}