{"id":6486,"date":"2026-04-23T17:23:57","date_gmt":"2026-04-23T15:23:57","guid":{"rendered":"https:\/\/egiarecords.com\/?post_type=product&#038;p=6486"},"modified":"2026-04-23T18:26:04","modified_gmt":"2026-04-23T16:26:04","slug":"sdj-crew-nessuno","status":"publish","type":"product","link":"https:\/\/egiarecords.com\/eu\/denda\/sdj-crew-nessuno\/","title":{"rendered":"SDJ CREW &#8211; Nessuno"},"content":{"rendered":"<p>Lanzado poco despu\u00e9s de <i data-path-to-node=\"2,2,0\" data-index-in-node=\"41\">Commandos<\/i>, este trabajo consolid\u00f3 la productividad y la relevancia de la SDJ Crew, demostrando que su rap desde Vitoria ten\u00eda una profundidad l\u00edrica capaz de calar en todo el panorama nacional.<\/p>\n","protected":false},"excerpt":{"rendered":"<p>Lanzado poco despu\u00e9s de Commandos, este trabajo consolid\u00f3 la productividad y la relevancia de la SDJ Crew, demostrando que su rap desde Vitoria ten\u00eda una profundidad l\u00edrica capaz de calar en todo el panorama nacional.<\/p>\n","protected":false},"featured_media":6488,"template":"","meta":[],"product_brand":[],"product_cat":[689],"product_tag":[],"sello":[1795],"artista":[1794],"class_list":{"0":"post-6486","1":"product","2":"type-product","3":"status-publish","4":"has-post-thumbnail","6":"product_cat-vinilos","7":"sello-chulapa-records","8":"artista-sdj-crew","9":"fecha-1302","10":"estilo-boom-bap","11":"estilo-hardcore-hip-hop","13":"first","14":"instock","15":"featured","16":"taxable","17":"shipping-taxable","18":"purchasable","19":"product-type-simple"},"_links":{"self":[{"href":"https:\/\/egiarecords.com\/eu\/wp-json\/wp\/v2\/product\/6486","targetHints":{"allow":["GET"]}}],"collection":[{"href":"https:\/\/egiarecords.com\/eu\/wp-json\/wp\/v2\/product"}],"about":[{"href":"https:\/\/egiarecords.com\/eu\/wp-json\/wp\/v2\/types\/product"}],"wp:featuredmedia":[{"embeddable":true,"href":"https:\/\/egiarecords.com\/eu\/wp-json\/wp\/v2\/media\/6488"}],"wp:attachment":[{"href":"https:\/\/egiarecords.com\/eu\/wp-json\/wp\/v2\/media?parent=6486"}],"wp:term":[{"taxonomy":"product_brand","embeddable":true,"href":"https:\/\/egiarecords.com\/eu\/wp-json\/wp\/v2\/product_brand?post=6486"},{"taxonomy":"product_cat","embeddable":true,"href":"https:\/\/egiarecords.com\/eu\/wp-json\/wp\/v2\/product_cat?post=6486"},{"taxonomy":"product_tag","embeddable":true,"href":"https:\/\/egiarecords.com\/eu\/wp-json\/wp\/v2\/product_tag?post=6486"},{"taxonomy":"sello","embeddable":true,"href":"https:\/\/egiarecords.com\/eu\/wp-json\/wp\/v2\/sello?post=6486"},{"taxonomy":"artista","embeddable":true,"href":"https:\/\/egiarecords.com\/eu\/wp-json\/wp\/v2\/artista?post=6486"}],"curies":[{"name":"wp","href":"https:\/\/api.w.org\/{rel}","templated":true}]}}