{"id":6481,"date":"2026-04-23T17:20:48","date_gmt":"2026-04-23T15:20:48","guid":{"rendered":"https:\/\/egiarecords.com\/?post_type=product&#038;p=6481"},"modified":"2026-05-01T13:09:27","modified_gmt":"2026-05-01T11:09:27","slug":"sdj-crew-commandos","status":"publish","type":"product","link":"https:\/\/egiarecords.com\/eu\/denda\/sdj-crew-commandos\/","title":{"rendered":"SDJ Crew &#8211; Commandos"},"content":{"rendered":"<p>Con temas como &#8216;Commandos&#8217;, el grupo logr\u00f3 crear un himno de calle que reson\u00f3 con fuerza en el underground nacional, consolid\u00e1ndose como un referente del rap hecho con sudor y sin concesiones.<\/p>\n","protected":false},"excerpt":{"rendered":"<p>Con temas como &#8216;Commandos&#8217;, el grupo logr\u00f3 crear un himno de calle que reson\u00f3 con fuerza en el underground nacional, consolid\u00e1ndose como un referente del rap hecho con sudor y sin concesiones.<\/p>\n","protected":false},"featured_media":6484,"template":"","meta":[],"product_brand":[],"product_cat":[689],"product_tag":[],"sello":[1795],"artista":[1794],"class_list":{"0":"post-6481","1":"product","2":"type-product","3":"status-publish","4":"has-post-thumbnail","6":"product_cat-vinilos","7":"sello-chulapa-records","8":"artista-sdj-crew","9":"fecha-305","10":"estilo-gangsta","12":"first","13":"instock","14":"featured","15":"taxable","16":"shipping-taxable","17":"purchasable","18":"product-type-simple"},"_links":{"self":[{"href":"https:\/\/egiarecords.com\/eu\/wp-json\/wp\/v2\/product\/6481","targetHints":{"allow":["GET"]}}],"collection":[{"href":"https:\/\/egiarecords.com\/eu\/wp-json\/wp\/v2\/product"}],"about":[{"href":"https:\/\/egiarecords.com\/eu\/wp-json\/wp\/v2\/types\/product"}],"wp:featuredmedia":[{"embeddable":true,"href":"https:\/\/egiarecords.com\/eu\/wp-json\/wp\/v2\/media\/6484"}],"wp:attachment":[{"href":"https:\/\/egiarecords.com\/eu\/wp-json\/wp\/v2\/media?parent=6481"}],"wp:term":[{"taxonomy":"product_brand","embeddable":true,"href":"https:\/\/egiarecords.com\/eu\/wp-json\/wp\/v2\/product_brand?post=6481"},{"taxonomy":"product_cat","embeddable":true,"href":"https:\/\/egiarecords.com\/eu\/wp-json\/wp\/v2\/product_cat?post=6481"},{"taxonomy":"product_tag","embeddable":true,"href":"https:\/\/egiarecords.com\/eu\/wp-json\/wp\/v2\/product_tag?post=6481"},{"taxonomy":"sello","embeddable":true,"href":"https:\/\/egiarecords.com\/eu\/wp-json\/wp\/v2\/sello?post=6481"},{"taxonomy":"artista","embeddable":true,"href":"https:\/\/egiarecords.com\/eu\/wp-json\/wp\/v2\/artista?post=6481"}],"curies":[{"name":"wp","href":"https:\/\/api.w.org\/{rel}","templated":true}]}}