{"id":6471,"date":"2026-04-23T16:29:54","date_gmt":"2026-04-23T14:29:54","guid":{"rendered":"https:\/\/egiarecords.com\/?post_type=product&#038;p=6471"},"modified":"2026-04-23T16:30:25","modified_gmt":"2026-04-23T14:30:25","slug":"barrington-levy-robin-hood","status":"publish","type":"product","link":"https:\/\/egiarecords.com\/eu\/denda\/barrington-levy-robin-hood\/","title":{"rendered":"Barrington Levy &#8211; Robin Hood"},"content":{"rendered":"<p>Canciones como &#8216;Robin Hood&#8217; y &#8216;Love Sister Carole&#8217; se convirtieron en cl\u00e1sicos de los <i data-path-to-node=\"2,2,0\" data-index-in-node=\"103\">sound systems<\/i>, estableciendo el est\u00e1ndar de lo que ser\u00eda el reggae de los 80: menos espiritualidad rastafari y m\u00e1s realidad callejera y baile.<\/p>\n","protected":false},"excerpt":{"rendered":"<p>Canciones como &#8216;Robin Hood&#8217; y &#8216;Love Sister Carole&#8217; se convirtieron en cl\u00e1sicos de los sound systems, estableciendo el est\u00e1ndar de lo que ser\u00eda el reggae de los 80: menos espiritualidad rastafari y m\u00e1s realidad callejera y baile.<\/p>\n","protected":false},"featured_media":6473,"template":"","meta":[],"product_brand":[],"product_cat":[689],"product_tag":[],"sello":[1459],"artista":[1458],"class_list":{"0":"post-6471","1":"product","2":"type-product","3":"status-publish","4":"has-post-thumbnail","6":"product_cat-vinilos","7":"sello-greensleeves-records","8":"artista-barrington-levy","9":"fecha-1641","10":"estilo-dancehall","11":"estilo-roots-reggae","13":"first","14":"instock","15":"taxable","16":"shipping-taxable","17":"purchasable","18":"product-type-simple"},"_links":{"self":[{"href":"https:\/\/egiarecords.com\/eu\/wp-json\/wp\/v2\/product\/6471","targetHints":{"allow":["GET"]}}],"collection":[{"href":"https:\/\/egiarecords.com\/eu\/wp-json\/wp\/v2\/product"}],"about":[{"href":"https:\/\/egiarecords.com\/eu\/wp-json\/wp\/v2\/types\/product"}],"wp:featuredmedia":[{"embeddable":true,"href":"https:\/\/egiarecords.com\/eu\/wp-json\/wp\/v2\/media\/6473"}],"wp:attachment":[{"href":"https:\/\/egiarecords.com\/eu\/wp-json\/wp\/v2\/media?parent=6471"}],"wp:term":[{"taxonomy":"product_brand","embeddable":true,"href":"https:\/\/egiarecords.com\/eu\/wp-json\/wp\/v2\/product_brand?post=6471"},{"taxonomy":"product_cat","embeddable":true,"href":"https:\/\/egiarecords.com\/eu\/wp-json\/wp\/v2\/product_cat?post=6471"},{"taxonomy":"product_tag","embeddable":true,"href":"https:\/\/egiarecords.com\/eu\/wp-json\/wp\/v2\/product_tag?post=6471"},{"taxonomy":"sello","embeddable":true,"href":"https:\/\/egiarecords.com\/eu\/wp-json\/wp\/v2\/sello?post=6471"},{"taxonomy":"artista","embeddable":true,"href":"https:\/\/egiarecords.com\/eu\/wp-json\/wp\/v2\/artista?post=6471"}],"curies":[{"name":"wp","href":"https:\/\/api.w.org\/{rel}","templated":true}]}}