{"id":6468,"date":"2026-04-23T10:03:58","date_gmt":"2026-04-23T08:03:58","guid":{"rendered":"https:\/\/egiarecords.com\/?post_type=product&#038;p=6468"},"modified":"2026-04-23T10:19:57","modified_gmt":"2026-04-23T08:19:57","slug":"boards-of-canada-inferno-vinilo-color","status":"publish","type":"product","link":"https:\/\/egiarecords.com\/eu\/denda\/boards-of-canada-inferno-vinilo-color\/","title":{"rendered":"Boards of Canada &#8211; Inferno (Vinilo color)"},"content":{"rendered":"<p data-path-to-node=\"0\">Despu\u00e9s de trece a\u00f1os de silencio desde su b\u00fanker \u2014durante los cuales la expectaci\u00f3n ha crecido d\u00eda tras d\u00eda\u2014, <b data-path-to-node=\"0\" data-index-in-node=\"111\">Boards of Canada<\/b> finalmente regresan.<\/p>\n<p data-path-to-node=\"1\"><i data-path-to-node=\"1\" data-index-in-node=\"0\">Inferno<\/i> conserva sus melod\u00edas y atm\u00f3sferas caracter\u00edsticas, nutri\u00e9ndose de las influencias esot\u00e9ricas exploradas en <i data-path-to-node=\"1\" data-index-in-node=\"116\">Societas X Tape<\/i> (su mix para NTS en 2019 con motivo del 30\u00ba aniversario de Warp Records) y del ambient m\u00e1s oscuro introducido en <i data-path-to-node=\"1\" data-index-in-node=\"245\">Tomorrow\u2019s Harvest<\/i>, profundizado adem\u00e1s por un mayor protagonismo de los fragmentos de voz.<\/p>\n<p data-path-to-node=\"2\">Con una duraci\u00f3n de setenta minutos, el nuevo \u00e1lbum est\u00e1 disponible en:<\/p>\n<p data-path-to-node=\"2\"><b data-path-to-node=\"3,0,0\" data-index-in-node=\"0\">Edici\u00f3n especial limitada:<\/b> Vinilo doble (2LP) transl\u00facido rojo en carpeta de tres paneles (triple gatefold) con libreto de 16 p\u00e1ginas.<\/p>\n<p data-path-to-node=\"2\">Entrega a partir del: <span style=\"font-family: -apple-system, BlinkMacSystemFont, 'Segoe UI', Roboto, 'Helvetica Neue', Arial, 'Noto Sans', sans-serif, 'Apple Color Emoji', 'Segoe UI Emoji', 'Segoe UI Symbol', 'Noto Color Emoji';\">29\/05\/2026<\/span><\/p>\n","protected":false},"excerpt":{"rendered":"<p>Despu\u00e9s de trece a\u00f1os de silencio desde su b\u00fanker \u2014durante los cuales la expectaci\u00f3n ha crecido d\u00eda tras d\u00eda\u2014, Boards of Canada finalmente regresan. Inferno conserva sus melod\u00edas y atm\u00f3sferas caracter\u00edsticas, nutri\u00e9ndose de las influencias esot\u00e9ricas exploradas en Societas X Tape (su mix para NTS en 2019 con motivo del 30\u00ba aniversario de Warp Records) [&hellip;]<\/p>\n","protected":false},"featured_media":6460,"template":"","meta":[],"product_brand":[],"product_cat":[689],"product_tag":[],"sello":[333],"artista":[1789],"class_list":{"0":"post-6468","1":"product","2":"type-product","3":"status-publish","4":"has-post-thumbnail","6":"product_cat-vinilos","7":"sello-warp-records","8":"artista-boards-of-canada","9":"fecha-1302","10":"estilo-ambient","12":"first","13":"onbackorder","14":"featured","15":"taxable","16":"shipping-taxable","17":"purchasable","18":"product-type-simple"},"_links":{"self":[{"href":"https:\/\/egiarecords.com\/eu\/wp-json\/wp\/v2\/product\/6468","targetHints":{"allow":["GET"]}}],"collection":[{"href":"https:\/\/egiarecords.com\/eu\/wp-json\/wp\/v2\/product"}],"about":[{"href":"https:\/\/egiarecords.com\/eu\/wp-json\/wp\/v2\/types\/product"}],"wp:featuredmedia":[{"embeddable":true,"href":"https:\/\/egiarecords.com\/eu\/wp-json\/wp\/v2\/media\/6460"}],"wp:attachment":[{"href":"https:\/\/egiarecords.com\/eu\/wp-json\/wp\/v2\/media?parent=6468"}],"wp:term":[{"taxonomy":"product_brand","embeddable":true,"href":"https:\/\/egiarecords.com\/eu\/wp-json\/wp\/v2\/product_brand?post=6468"},{"taxonomy":"product_cat","embeddable":true,"href":"https:\/\/egiarecords.com\/eu\/wp-json\/wp\/v2\/product_cat?post=6468"},{"taxonomy":"product_tag","embeddable":true,"href":"https:\/\/egiarecords.com\/eu\/wp-json\/wp\/v2\/product_tag?post=6468"},{"taxonomy":"sello","embeddable":true,"href":"https:\/\/egiarecords.com\/eu\/wp-json\/wp\/v2\/sello?post=6468"},{"taxonomy":"artista","embeddable":true,"href":"https:\/\/egiarecords.com\/eu\/wp-json\/wp\/v2\/artista?post=6468"}],"curies":[{"name":"wp","href":"https:\/\/api.w.org\/{rel}","templated":true}]}}