{"id":6463,"date":"2026-04-23T16:24:07","date_gmt":"2026-04-23T14:24:07","guid":{"rendered":"https:\/\/egiarecords.com\/?post_type=product&#038;p=6463"},"modified":"2026-04-23T16:24:35","modified_gmt":"2026-04-23T14:24:35","slug":"barrington-levy-prison-oval-rock","status":"publish","type":"product","link":"https:\/\/egiarecords.com\/eu\/denda\/barrington-levy-prison-oval-rock\/","title":{"rendered":"Barrington Levy &#8211; Prison Oval Rock"},"content":{"rendered":"<p>Bajo la producci\u00f3n del legendario Henry &#8216;Junjo&#8217; Lawes y con el respaldo r\u00edtmico de los Roots Radics, el disco ofrece bajos profundos y ritmos hipn\u00f3ticos que definieron el sonido de una d\u00e9cada<\/p>\n","protected":false},"excerpt":{"rendered":"<p>Bajo la producci\u00f3n del legendario Henry &#8216;Junjo&#8217; Lawes y con el respaldo r\u00edtmico de los Roots Radics, el disco ofrece bajos profundos y ritmos hipn\u00f3ticos que definieron el sonido de una d\u00e9cada<\/p>\n","protected":false},"featured_media":6466,"template":"","meta":[],"product_brand":[],"product_cat":[689],"product_tag":[],"sello":[1790,1398],"artista":[1458],"class_list":{"0":"post-6463","1":"product","2":"type-product","3":"status-publish","4":"has-post-thumbnail","6":"product_cat-vinilos","7":"sello-volcano","8":"sello-vp-records","9":"artista-barrington-levy","10":"estilo-dub","11":"estilo-roots-reggae","13":"first","14":"instock","15":"taxable","16":"shipping-taxable","17":"purchasable","18":"product-type-simple"},"_links":{"self":[{"href":"https:\/\/egiarecords.com\/eu\/wp-json\/wp\/v2\/product\/6463","targetHints":{"allow":["GET"]}}],"collection":[{"href":"https:\/\/egiarecords.com\/eu\/wp-json\/wp\/v2\/product"}],"about":[{"href":"https:\/\/egiarecords.com\/eu\/wp-json\/wp\/v2\/types\/product"}],"wp:featuredmedia":[{"embeddable":true,"href":"https:\/\/egiarecords.com\/eu\/wp-json\/wp\/v2\/media\/6466"}],"wp:attachment":[{"href":"https:\/\/egiarecords.com\/eu\/wp-json\/wp\/v2\/media?parent=6463"}],"wp:term":[{"taxonomy":"product_brand","embeddable":true,"href":"https:\/\/egiarecords.com\/eu\/wp-json\/wp\/v2\/product_brand?post=6463"},{"taxonomy":"product_cat","embeddable":true,"href":"https:\/\/egiarecords.com\/eu\/wp-json\/wp\/v2\/product_cat?post=6463"},{"taxonomy":"product_tag","embeddable":true,"href":"https:\/\/egiarecords.com\/eu\/wp-json\/wp\/v2\/product_tag?post=6463"},{"taxonomy":"sello","embeddable":true,"href":"https:\/\/egiarecords.com\/eu\/wp-json\/wp\/v2\/sello?post=6463"},{"taxonomy":"artista","embeddable":true,"href":"https:\/\/egiarecords.com\/eu\/wp-json\/wp\/v2\/artista?post=6463"}],"curies":[{"name":"wp","href":"https:\/\/api.w.org\/{rel}","templated":true}]}}