{"id":6458,"date":"2026-04-22T22:30:39","date_gmt":"2026-04-22T20:30:39","guid":{"rendered":"https:\/\/egiarecords.com\/?post_type=product&#038;p=6458"},"modified":"2026-04-23T10:06:32","modified_gmt":"2026-04-23T08:06:32","slug":"boards-of-canada-inferno","status":"publish","type":"product","link":"https:\/\/egiarecords.com\/eu\/denda\/boards-of-canada-inferno\/","title":{"rendered":"Boards of Canada &#8211; Inferno"},"content":{"rendered":"<p dir=\"ltr\">Despu\u00e9s de trece a\u00f1os de silencio desde su b\u00fanker \u2014durante los cuales la expectaci\u00f3n ha crecido d\u00eda tras d\u00eda\u2014, <b>Boards of Canada<\/b> finalmente regresan.<\/p>\n<p dir=\"ltr\">\u200b<i>Inferno<\/i> conserva sus melod\u00edas y atm\u00f3sferas caracter\u00edsticas, nutri\u00e9ndose de las influencias esot\u00e9ricas exploradas en <i>Societas X Tape<\/i> (su mix para NTS en 2019 con motivo del 30\u00ba aniversario de Warp Records) y del ambient m\u00e1s oscuro introducido en <i>Tomorrow\u2019s Harvest<\/i>, profundizado adem\u00e1s por un mayor protagonismo de los fragmentos de voz.<\/p>\n<p dir=\"ltr\">\u200bCon una duraci\u00f3n de setenta minutos, el nuevo \u00e1lbum est\u00e1 disponible en:.<\/p>\n<ul>\n<li dir=\"ltr\">\u200b<b>Edici\u00f3n est\u00e1ndar:<\/b> Vinilo doble (2LP) negro.<br \/>\n<hr \/>\n<\/li>\n<\/ul>\n","protected":false},"excerpt":{"rendered":"<p>Despu\u00e9s de trece a\u00f1os de silencio desde su b\u00fanker \u2014durante los cuales la expectaci\u00f3n ha crecido d\u00eda tras d\u00eda\u2014, Boards of Canada finalmente regresan. \u200bInferno conserva sus melod\u00edas y atm\u00f3sferas caracter\u00edsticas, nutri\u00e9ndose de las influencias esot\u00e9ricas exploradas en Societas X Tape (su mix para NTS en 2019 con motivo del 30\u00ba aniversario de Warp Records) [&hellip;]<\/p>\n","protected":false},"featured_media":6460,"template":"","meta":[],"product_brand":[],"product_cat":[689],"product_tag":[],"sello":[333],"artista":[1789],"class_list":{"0":"post-6458","1":"product","2":"type-product","3":"status-publish","4":"has-post-thumbnail","6":"product_cat-vinilos","7":"sello-warp-records","8":"artista-boards-of-canada","9":"fecha-1302","11":"first","12":"onbackorder","13":"featured","14":"taxable","15":"shipping-taxable","16":"purchasable","17":"product-type-simple"},"_links":{"self":[{"href":"https:\/\/egiarecords.com\/eu\/wp-json\/wp\/v2\/product\/6458","targetHints":{"allow":["GET"]}}],"collection":[{"href":"https:\/\/egiarecords.com\/eu\/wp-json\/wp\/v2\/product"}],"about":[{"href":"https:\/\/egiarecords.com\/eu\/wp-json\/wp\/v2\/types\/product"}],"wp:featuredmedia":[{"embeddable":true,"href":"https:\/\/egiarecords.com\/eu\/wp-json\/wp\/v2\/media\/6460"}],"wp:attachment":[{"href":"https:\/\/egiarecords.com\/eu\/wp-json\/wp\/v2\/media?parent=6458"}],"wp:term":[{"taxonomy":"product_brand","embeddable":true,"href":"https:\/\/egiarecords.com\/eu\/wp-json\/wp\/v2\/product_brand?post=6458"},{"taxonomy":"product_cat","embeddable":true,"href":"https:\/\/egiarecords.com\/eu\/wp-json\/wp\/v2\/product_cat?post=6458"},{"taxonomy":"product_tag","embeddable":true,"href":"https:\/\/egiarecords.com\/eu\/wp-json\/wp\/v2\/product_tag?post=6458"},{"taxonomy":"sello","embeddable":true,"href":"https:\/\/egiarecords.com\/eu\/wp-json\/wp\/v2\/sello?post=6458"},{"taxonomy":"artista","embeddable":true,"href":"https:\/\/egiarecords.com\/eu\/wp-json\/wp\/v2\/artista?post=6458"}],"curies":[{"name":"wp","href":"https:\/\/api.w.org\/{rel}","templated":true}]}}