{"id":6452,"date":"2026-04-22T20:39:45","date_gmt":"2026-04-22T18:39:45","guid":{"rendered":"https:\/\/egiarecords.com\/?post_type=product&#038;p=6452"},"modified":"2026-04-22T20:39:57","modified_gmt":"2026-04-22T18:39:57","slug":"the-art-of-noise-the-seduction-of-claude-debussy","status":"publish","type":"product","link":"https:\/\/egiarecords.com\/eu\/denda\/the-art-of-noise-the-seduction-of-claude-debussy\/","title":{"rendered":"The Art Of Noise &#8211; The Seduction Of Claude Debussy"},"content":{"rendered":"<p>El \u00e1lbum es una fascinante amalgama de \u00f3pera, jazz, drum and bass y m\u00fasica cl\u00e1sica, narrada por el actor John Hurt y estructurada como una banda sonora para una pel\u00edcula que solo existe en la mente del oyente<\/p>\n","protected":false},"excerpt":{"rendered":"<p>El \u00e1lbum es una fascinante amalgama de \u00f3pera, jazz, drum and bass y m\u00fasica cl\u00e1sica, narrada por el actor John Hurt y estructurada como una banda sonora para una pel\u00edcula que solo existe en la mente del oyente<\/p>\n","protected":false},"featured_media":6456,"template":"","meta":[],"product_brand":[],"product_cat":[689],"product_tag":[],"sello":[1737,1788],"artista":[1787],"class_list":{"0":"post-6452","1":"product","2":"type-product","3":"status-publish","4":"has-post-thumbnail","6":"product_cat-vinilos","7":"sello-demon-records","8":"sello-ztt","9":"artista-the-art-of-noise","10":"fecha-1302","11":"estilo-ambient","12":"estilo-downtempo","13":"estilo-house","15":"first","16":"instock","17":"taxable","18":"shipping-taxable","19":"purchasable","20":"product-type-simple"},"_links":{"self":[{"href":"https:\/\/egiarecords.com\/eu\/wp-json\/wp\/v2\/product\/6452","targetHints":{"allow":["GET"]}}],"collection":[{"href":"https:\/\/egiarecords.com\/eu\/wp-json\/wp\/v2\/product"}],"about":[{"href":"https:\/\/egiarecords.com\/eu\/wp-json\/wp\/v2\/types\/product"}],"wp:featuredmedia":[{"embeddable":true,"href":"https:\/\/egiarecords.com\/eu\/wp-json\/wp\/v2\/media\/6456"}],"wp:attachment":[{"href":"https:\/\/egiarecords.com\/eu\/wp-json\/wp\/v2\/media?parent=6452"}],"wp:term":[{"taxonomy":"product_brand","embeddable":true,"href":"https:\/\/egiarecords.com\/eu\/wp-json\/wp\/v2\/product_brand?post=6452"},{"taxonomy":"product_cat","embeddable":true,"href":"https:\/\/egiarecords.com\/eu\/wp-json\/wp\/v2\/product_cat?post=6452"},{"taxonomy":"product_tag","embeddable":true,"href":"https:\/\/egiarecords.com\/eu\/wp-json\/wp\/v2\/product_tag?post=6452"},{"taxonomy":"sello","embeddable":true,"href":"https:\/\/egiarecords.com\/eu\/wp-json\/wp\/v2\/sello?post=6452"},{"taxonomy":"artista","embeddable":true,"href":"https:\/\/egiarecords.com\/eu\/wp-json\/wp\/v2\/artista?post=6452"}],"curies":[{"name":"wp","href":"https:\/\/api.w.org\/{rel}","templated":true}]}}