{"id":6448,"date":"2026-04-22T20:25:10","date_gmt":"2026-04-22T18:25:10","guid":{"rendered":"https:\/\/egiarecords.com\/?post_type=product&#038;p=6448"},"modified":"2026-04-23T17:06:14","modified_gmt":"2026-04-23T15:06:14","slug":"van-morrison-blowin-your-mind","status":"publish","type":"product","link":"https:\/\/egiarecords.com\/eu\/denda\/van-morrison-blowin-your-mind\/","title":{"rendered":"Van Morrison &#8211; Blowin&#8217; Your Mind!"},"content":{"rendered":"<p>El disco est\u00e1 anclado por el sonido &#8216;Brown Eyed Girl&#8217;, un himno pop atemporal, pero tambi\u00e9n explora pasajes m\u00e1s oscuros y blueseros como &#8216;T.B. Sheets&#8217;, que anticipaban la profundidad de sus trabajos futuros.<\/p>\n","protected":false},"excerpt":{"rendered":"<p>El disco est\u00e1 anclado por el sonido &#8216;Brown Eyed Girl&#8217;, un himno pop atemporal, pero tambi\u00e9n explora pasajes m\u00e1s oscuros y blueseros como &#8216;T.B. Sheets&#8217;, que anticipaban la profundidad de sus trabajos futuros.<\/p>\n","protected":false},"featured_media":6450,"template":"","meta":[],"product_brand":[],"product_cat":[689],"product_tag":[],"sello":[1359,835],"artista":[1211],"class_list":{"0":"post-6448","1":"product","2":"type-product","3":"status-publish","4":"has-post-thumbnail","6":"product_cat-vinilos","7":"sello-bang-records","8":"sello-music-on-vinyl","9":"artista-van-morrison","10":"fecha-658","11":"estilo-pop-rock","12":"estilo-rhythm-blues","14":"first","15":"instock","16":"taxable","17":"shipping-taxable","18":"purchasable","19":"product-type-simple"},"_links":{"self":[{"href":"https:\/\/egiarecords.com\/eu\/wp-json\/wp\/v2\/product\/6448","targetHints":{"allow":["GET"]}}],"collection":[{"href":"https:\/\/egiarecords.com\/eu\/wp-json\/wp\/v2\/product"}],"about":[{"href":"https:\/\/egiarecords.com\/eu\/wp-json\/wp\/v2\/types\/product"}],"wp:featuredmedia":[{"embeddable":true,"href":"https:\/\/egiarecords.com\/eu\/wp-json\/wp\/v2\/media\/6450"}],"wp:attachment":[{"href":"https:\/\/egiarecords.com\/eu\/wp-json\/wp\/v2\/media?parent=6448"}],"wp:term":[{"taxonomy":"product_brand","embeddable":true,"href":"https:\/\/egiarecords.com\/eu\/wp-json\/wp\/v2\/product_brand?post=6448"},{"taxonomy":"product_cat","embeddable":true,"href":"https:\/\/egiarecords.com\/eu\/wp-json\/wp\/v2\/product_cat?post=6448"},{"taxonomy":"product_tag","embeddable":true,"href":"https:\/\/egiarecords.com\/eu\/wp-json\/wp\/v2\/product_tag?post=6448"},{"taxonomy":"sello","embeddable":true,"href":"https:\/\/egiarecords.com\/eu\/wp-json\/wp\/v2\/sello?post=6448"},{"taxonomy":"artista","embeddable":true,"href":"https:\/\/egiarecords.com\/eu\/wp-json\/wp\/v2\/artista?post=6448"}],"curies":[{"name":"wp","href":"https:\/\/api.w.org\/{rel}","templated":true}]}}