{"id":6438,"date":"2026-04-22T12:57:11","date_gmt":"2026-04-22T10:57:11","guid":{"rendered":"https:\/\/egiarecords.com\/?post_type=product&#038;p=6438"},"modified":"2026-04-22T12:57:41","modified_gmt":"2026-04-22T10:57:41","slug":"pixies-best-of-pixies-wave-of-mutilation","status":"publish","type":"product","link":"https:\/\/egiarecords.com\/eu\/denda\/pixies-best-of-pixies-wave-of-mutilation\/","title":{"rendered":"Pixies &#8211; Best Of Pixies (Wave Of Mutilation)"},"content":{"rendered":"<p>Sin esta colecci\u00f3n de canciones, el rock de los 90 no ser\u00eda lo mismo; los Pixies fueron los arquitectos del sonido que inspir\u00f3 directamente a bandas como Nirvana, Radiohead y Blur<\/p>\n","protected":false},"excerpt":{"rendered":"<p>Sin esta colecci\u00f3n de canciones, el rock de los 90 no ser\u00eda lo mismo; los Pixies fueron los arquitectos del sonido que inspir\u00f3 directamente a bandas como Nirvana, Radiohead y Blur<\/p>\n","protected":false},"featured_media":6441,"template":"","meta":[],"product_brand":[],"product_cat":[689],"product_tag":[],"sello":[1786],"artista":[1736],"class_list":{"0":"post-6438","1":"product","2":"type-product","3":"status-publish","4":"has-post-thumbnail","6":"product_cat-vinilos","7":"sello-4ad","8":"artista-pixies","9":"estilo-alternative-rock","10":"estilo-indie-rock","12":"first","13":"instock","14":"taxable","15":"shipping-taxable","16":"purchasable","17":"product-type-simple"},"_links":{"self":[{"href":"https:\/\/egiarecords.com\/eu\/wp-json\/wp\/v2\/product\/6438","targetHints":{"allow":["GET"]}}],"collection":[{"href":"https:\/\/egiarecords.com\/eu\/wp-json\/wp\/v2\/product"}],"about":[{"href":"https:\/\/egiarecords.com\/eu\/wp-json\/wp\/v2\/types\/product"}],"wp:featuredmedia":[{"embeddable":true,"href":"https:\/\/egiarecords.com\/eu\/wp-json\/wp\/v2\/media\/6441"}],"wp:attachment":[{"href":"https:\/\/egiarecords.com\/eu\/wp-json\/wp\/v2\/media?parent=6438"}],"wp:term":[{"taxonomy":"product_brand","embeddable":true,"href":"https:\/\/egiarecords.com\/eu\/wp-json\/wp\/v2\/product_brand?post=6438"},{"taxonomy":"product_cat","embeddable":true,"href":"https:\/\/egiarecords.com\/eu\/wp-json\/wp\/v2\/product_cat?post=6438"},{"taxonomy":"product_tag","embeddable":true,"href":"https:\/\/egiarecords.com\/eu\/wp-json\/wp\/v2\/product_tag?post=6438"},{"taxonomy":"sello","embeddable":true,"href":"https:\/\/egiarecords.com\/eu\/wp-json\/wp\/v2\/sello?post=6438"},{"taxonomy":"artista","embeddable":true,"href":"https:\/\/egiarecords.com\/eu\/wp-json\/wp\/v2\/artista?post=6438"}],"curies":[{"name":"wp","href":"https:\/\/api.w.org\/{rel}","templated":true}]}}