{"id":6432,"date":"2026-04-22T11:42:11","date_gmt":"2026-04-22T09:42:11","guid":{"rendered":"https:\/\/egiarecords.com\/?post_type=product&#038;p=6432"},"modified":"2026-04-22T11:42:19","modified_gmt":"2026-04-22T09:42:19","slug":"richard-hawley-coles-corner-20th-anniversary-edition","status":"publish","type":"product","link":"https:\/\/egiarecords.com\/eu\/denda\/richard-hawley-coles-corner-20th-anniversary-edition\/","title":{"rendered":"Richard Hawley &#8211; Coles Corner (20th Anniversary Edition)"},"content":{"rendered":"<p>Dos d\u00e9cadas despu\u00e9s, el disco sigue siendo considerado la obra cumbre de Hawley, consolid\u00e1ndolo como el guardi\u00e1n de un estilo rom\u00e1ntico y melanc\u00f3lico que muy pocos pueden ejecutar con tal maestr\u00eda.<\/p>\n","protected":false},"excerpt":{"rendered":"<p>Dos d\u00e9cadas despu\u00e9s, el disco sigue siendo considerado la obra cumbre de Hawley, consolid\u00e1ndolo como el guardi\u00e1n de un estilo rom\u00e1ntico y melanc\u00f3lico que muy pocos pueden ejecutar con tal maestr\u00eda.<\/p>\n","protected":false},"featured_media":6435,"template":"","meta":[],"product_brand":[],"product_cat":[689],"product_tag":[],"sello":[400],"artista":[1784],"class_list":{"0":"post-6432","1":"product","2":"type-product","3":"status-publish","4":"has-post-thumbnail","6":"product_cat-vinilos","7":"sello-parlophone","8":"artista-richard-hawley","9":"fecha-305","10":"estilo-pop-rock","12":"first","13":"instock","14":"taxable","15":"shipping-taxable","16":"purchasable","17":"product-type-simple"},"_links":{"self":[{"href":"https:\/\/egiarecords.com\/eu\/wp-json\/wp\/v2\/product\/6432","targetHints":{"allow":["GET"]}}],"collection":[{"href":"https:\/\/egiarecords.com\/eu\/wp-json\/wp\/v2\/product"}],"about":[{"href":"https:\/\/egiarecords.com\/eu\/wp-json\/wp\/v2\/types\/product"}],"wp:featuredmedia":[{"embeddable":true,"href":"https:\/\/egiarecords.com\/eu\/wp-json\/wp\/v2\/media\/6435"}],"wp:attachment":[{"href":"https:\/\/egiarecords.com\/eu\/wp-json\/wp\/v2\/media?parent=6432"}],"wp:term":[{"taxonomy":"product_brand","embeddable":true,"href":"https:\/\/egiarecords.com\/eu\/wp-json\/wp\/v2\/product_brand?post=6432"},{"taxonomy":"product_cat","embeddable":true,"href":"https:\/\/egiarecords.com\/eu\/wp-json\/wp\/v2\/product_cat?post=6432"},{"taxonomy":"product_tag","embeddable":true,"href":"https:\/\/egiarecords.com\/eu\/wp-json\/wp\/v2\/product_tag?post=6432"},{"taxonomy":"sello","embeddable":true,"href":"https:\/\/egiarecords.com\/eu\/wp-json\/wp\/v2\/sello?post=6432"},{"taxonomy":"artista","embeddable":true,"href":"https:\/\/egiarecords.com\/eu\/wp-json\/wp\/v2\/artista?post=6432"}],"curies":[{"name":"wp","href":"https:\/\/api.w.org\/{rel}","templated":true}]}}